{"id":6869,"date":"2024-09-22T17:23:50","date_gmt":"2024-09-22T14:23:50","guid":{"rendered":"https:\/\/kervanmagazacilik.com\/?post_type=product&#038;p=6869"},"modified":"2024-09-22T17:23:50","modified_gmt":"2024-09-22T14:23:50","slug":"611dsg000023","status":"publish","type":"product","link":"https:\/\/kervanmagazacilik.com\/index.php\/urun\/611dsg000023\/","title":{"rendered":"611DSG000023"},"content":{"rendered":"<p>611DSG000023<\/p>\n<p>SANDALYE 57x45x85cm<\/p>\n<p>kafur a\u011fac\u0131 iskelet el dokuma poly-pamuk kuma\u015f<\/p>\n","protected":false},"excerpt":{"rendered":"<p>611DSG000023 SANDALYE 57x45x85cm kafur a\u011fac\u0131 iskelet el dokuma poly-pamuk kuma\u015f<\/p>\n","protected":false},"featured_media":6870,"template":"","meta":[],"product_brand":[],"product_cat":[1500],"product_tag":[1520],"class_list":{"0":"post-6869","1":"product","2":"type-product","3":"status-publish","4":"has-post-thumbnail","6":"product_cat-611dsg","7":"product_tag-611dsg000023","9":"first","10":"instock","11":"taxable","12":"shipping-taxable","13":"product-type-simple"},"_links":{"self":[{"href":"https:\/\/kervanmagazacilik.com\/index.php\/wp-json\/wp\/v2\/product\/6869","targetHints":{"allow":["GET"]}}],"collection":[{"href":"https:\/\/kervanmagazacilik.com\/index.php\/wp-json\/wp\/v2\/product"}],"about":[{"href":"https:\/\/kervanmagazacilik.com\/index.php\/wp-json\/wp\/v2\/types\/product"}],"wp:featuredmedia":[{"embeddable":true,"href":"https:\/\/kervanmagazacilik.com\/index.php\/wp-json\/wp\/v2\/media\/6870"}],"wp:attachment":[{"href":"https:\/\/kervanmagazacilik.com\/index.php\/wp-json\/wp\/v2\/media?parent=6869"}],"wp:term":[{"taxonomy":"product_brand","embeddable":true,"href":"https:\/\/kervanmagazacilik.com\/index.php\/wp-json\/wp\/v2\/product_brand?post=6869"},{"taxonomy":"product_cat","embeddable":true,"href":"https:\/\/kervanmagazacilik.com\/index.php\/wp-json\/wp\/v2\/product_cat?post=6869"},{"taxonomy":"product_tag","embeddable":true,"href":"https:\/\/kervanmagazacilik.com\/index.php\/wp-json\/wp\/v2\/product_tag?post=6869"}],"curies":[{"name":"wp","href":"https:\/\/api.w.org\/{rel}","templated":true}]}}