{"id":6803,"date":"2024-09-22T17:02:56","date_gmt":"2024-09-22T14:02:56","guid":{"rendered":"https:\/\/kervanmagazacilik.com\/?post_type=product&#038;p=6803"},"modified":"2024-09-22T17:02:59","modified_gmt":"2024-09-22T14:02:59","slug":"611dsg000008","status":"publish","type":"product","link":"https:\/\/kervanmagazacilik.com\/index.php\/urun\/611dsg000008\/","title":{"rendered":"611DSG000008"},"content":{"rendered":"<p>611DSG000008<\/p>\n<p>MAKREME SEMSIYE 250x260cm NO:7<\/p>\n<p>pamuk makrome \u00f6rg\u00fc- kafur a\u011fac\u0131 iskelet<\/p>\n","protected":false},"excerpt":{"rendered":"<p>611DSG000008 MAKREME SEMSIYE 250x260cm NO:7 pamuk makrome \u00f6rg\u00fc- kafur a\u011fac\u0131 iskelet<\/p>\n","protected":false},"featured_media":6811,"template":"","meta":[],"product_brand":[],"product_cat":[1500],"product_tag":[1507],"class_list":{"0":"post-6803","1":"product","2":"type-product","3":"status-publish","4":"has-post-thumbnail","6":"product_cat-611dsg","7":"product_tag-611dsg000008","9":"first","10":"instock","11":"taxable","12":"shipping-taxable","13":"product-type-simple"},"_links":{"self":[{"href":"https:\/\/kervanmagazacilik.com\/index.php\/wp-json\/wp\/v2\/product\/6803","targetHints":{"allow":["GET"]}}],"collection":[{"href":"https:\/\/kervanmagazacilik.com\/index.php\/wp-json\/wp\/v2\/product"}],"about":[{"href":"https:\/\/kervanmagazacilik.com\/index.php\/wp-json\/wp\/v2\/types\/product"}],"wp:featuredmedia":[{"embeddable":true,"href":"https:\/\/kervanmagazacilik.com\/index.php\/wp-json\/wp\/v2\/media\/6811"}],"wp:attachment":[{"href":"https:\/\/kervanmagazacilik.com\/index.php\/wp-json\/wp\/v2\/media?parent=6803"}],"wp:term":[{"taxonomy":"product_brand","embeddable":true,"href":"https:\/\/kervanmagazacilik.com\/index.php\/wp-json\/wp\/v2\/product_brand?post=6803"},{"taxonomy":"product_cat","embeddable":true,"href":"https:\/\/kervanmagazacilik.com\/index.php\/wp-json\/wp\/v2\/product_cat?post=6803"},{"taxonomy":"product_tag","embeddable":true,"href":"https:\/\/kervanmagazacilik.com\/index.php\/wp-json\/wp\/v2\/product_tag?post=6803"}],"curies":[{"name":"wp","href":"https:\/\/api.w.org\/{rel}","templated":true}]}}