{"id":6785,"date":"2024-09-22T16:57:31","date_gmt":"2024-09-22T13:57:31","guid":{"rendered":"https:\/\/kervanmagazacilik.com\/?post_type=product&#038;p=6785"},"modified":"2024-09-22T16:57:35","modified_gmt":"2024-09-22T13:57:35","slug":"611dsg000005","status":"publish","type":"product","link":"https:\/\/kervanmagazacilik.com\/index.php\/urun\/611dsg000005\/","title":{"rendered":"611DSG000005"},"content":{"rendered":"<p>611DSG000005<\/p>\n<p>3 KATLI SEMSIYE KREM 60\/80cmx260cm<\/p>\n<p>kafur a\u011fac\u0131 iskelet poly-pamuk kuma\u015f<\/p>\n","protected":false},"excerpt":{"rendered":"<p>611DSG000005 3 KATLI SEMSIYE KREM 60\/80cmx260cm kafur a\u011fac\u0131 iskelet poly-pamuk kuma\u015f<\/p>\n","protected":false},"featured_media":6794,"template":"","meta":[],"product_brand":[],"product_cat":[1500],"product_tag":[1504],"class_list":{"0":"post-6785","1":"product","2":"type-product","3":"status-publish","4":"has-post-thumbnail","6":"product_cat-611dsg","7":"product_tag-611dsg000005","9":"first","10":"instock","11":"taxable","12":"shipping-taxable","13":"product-type-simple"},"_links":{"self":[{"href":"https:\/\/kervanmagazacilik.com\/index.php\/wp-json\/wp\/v2\/product\/6785","targetHints":{"allow":["GET"]}}],"collection":[{"href":"https:\/\/kervanmagazacilik.com\/index.php\/wp-json\/wp\/v2\/product"}],"about":[{"href":"https:\/\/kervanmagazacilik.com\/index.php\/wp-json\/wp\/v2\/types\/product"}],"wp:featuredmedia":[{"embeddable":true,"href":"https:\/\/kervanmagazacilik.com\/index.php\/wp-json\/wp\/v2\/media\/6794"}],"wp:attachment":[{"href":"https:\/\/kervanmagazacilik.com\/index.php\/wp-json\/wp\/v2\/media?parent=6785"}],"wp:term":[{"taxonomy":"product_brand","embeddable":true,"href":"https:\/\/kervanmagazacilik.com\/index.php\/wp-json\/wp\/v2\/product_brand?post=6785"},{"taxonomy":"product_cat","embeddable":true,"href":"https:\/\/kervanmagazacilik.com\/index.php\/wp-json\/wp\/v2\/product_cat?post=6785"},{"taxonomy":"product_tag","embeddable":true,"href":"https:\/\/kervanmagazacilik.com\/index.php\/wp-json\/wp\/v2\/product_tag?post=6785"}],"curies":[{"name":"wp","href":"https:\/\/api.w.org\/{rel}","templated":true}]}}