{"id":6783,"date":"2024-09-22T16:57:10","date_gmt":"2024-09-22T13:57:10","guid":{"rendered":"https:\/\/kervanmagazacilik.com\/?post_type=product&#038;p=6783"},"modified":"2024-09-22T16:57:10","modified_gmt":"2024-09-22T13:57:10","slug":"611dsg000003","status":"publish","type":"product","link":"https:\/\/kervanmagazacilik.com\/index.php\/urun\/611dsg000003\/","title":{"rendered":"611DSG000003"},"content":{"rendered":"<p>611DSG000003<\/p>\n<p>SU GECIRMEZ KUMAS SEMSIYE SARI 200x260cm SARI ISLI<\/p>\n<p>su ge\u00e7irmez kuma\u015f -kafur a\u011fac\u0131 iskelet<\/p>\n","protected":false},"excerpt":{"rendered":"<p>611DSG000003 SU GECIRMEZ KUMAS SEMSIYE SARI 200x260cm SARI ISLI su ge\u00e7irmez kuma\u015f -kafur a\u011fac\u0131 iskelet<\/p>\n","protected":false},"featured_media":6790,"template":"","meta":[],"product_brand":[],"product_cat":[1500],"product_tag":[1503],"class_list":{"0":"post-6783","1":"product","2":"type-product","3":"status-publish","4":"has-post-thumbnail","6":"product_cat-611dsg","7":"product_tag-611dsg000003","9":"first","10":"instock","11":"taxable","12":"shipping-taxable","13":"product-type-simple"},"_links":{"self":[{"href":"https:\/\/kervanmagazacilik.com\/index.php\/wp-json\/wp\/v2\/product\/6783","targetHints":{"allow":["GET"]}}],"collection":[{"href":"https:\/\/kervanmagazacilik.com\/index.php\/wp-json\/wp\/v2\/product"}],"about":[{"href":"https:\/\/kervanmagazacilik.com\/index.php\/wp-json\/wp\/v2\/types\/product"}],"wp:featuredmedia":[{"embeddable":true,"href":"https:\/\/kervanmagazacilik.com\/index.php\/wp-json\/wp\/v2\/media\/6790"}],"wp:attachment":[{"href":"https:\/\/kervanmagazacilik.com\/index.php\/wp-json\/wp\/v2\/media?parent=6783"}],"wp:term":[{"taxonomy":"product_brand","embeddable":true,"href":"https:\/\/kervanmagazacilik.com\/index.php\/wp-json\/wp\/v2\/product_brand?post=6783"},{"taxonomy":"product_cat","embeddable":true,"href":"https:\/\/kervanmagazacilik.com\/index.php\/wp-json\/wp\/v2\/product_cat?post=6783"},{"taxonomy":"product_tag","embeddable":true,"href":"https:\/\/kervanmagazacilik.com\/index.php\/wp-json\/wp\/v2\/product_tag?post=6783"}],"curies":[{"name":"wp","href":"https:\/\/api.w.org\/{rel}","templated":true}]}}