{"id":6774,"date":"2024-09-22T16:51:40","date_gmt":"2024-09-22T13:51:40","guid":{"rendered":"https:\/\/kervanmagazacilik.com\/?post_type=product&#038;p=6774"},"modified":"2024-09-22T16:51:40","modified_gmt":"2024-09-22T13:51:40","slug":"611dsg000001","status":"publish","type":"product","link":"https:\/\/kervanmagazacilik.com\/index.php\/urun\/611dsg000001\/","title":{"rendered":"611DSG000001"},"content":{"rendered":"<p>611DSG000001<\/p>\n<p>SEMSIYE 200x260cm BEYAZ ISLI<\/p>\n<p>kafur a\u011fac\u0131 iskelet poly-pamuk kuma\u015f<\/p>\n","protected":false},"excerpt":{"rendered":"<p>611DSG000001 SEMSIYE 200x260cm BEYAZ ISLI kafur a\u011fac\u0131 iskelet poly-pamuk kuma\u015f<\/p>\n","protected":false},"featured_media":6779,"template":"","meta":[],"product_brand":[],"product_cat":[1500],"product_tag":[1501],"class_list":{"0":"post-6774","1":"product","2":"type-product","3":"status-publish","4":"has-post-thumbnail","6":"product_cat-611dsg","7":"product_tag-611dsg000001","9":"first","10":"instock","11":"taxable","12":"shipping-taxable","13":"product-type-simple"},"_links":{"self":[{"href":"https:\/\/kervanmagazacilik.com\/index.php\/wp-json\/wp\/v2\/product\/6774","targetHints":{"allow":["GET"]}}],"collection":[{"href":"https:\/\/kervanmagazacilik.com\/index.php\/wp-json\/wp\/v2\/product"}],"about":[{"href":"https:\/\/kervanmagazacilik.com\/index.php\/wp-json\/wp\/v2\/types\/product"}],"wp:featuredmedia":[{"embeddable":true,"href":"https:\/\/kervanmagazacilik.com\/index.php\/wp-json\/wp\/v2\/media\/6779"}],"wp:attachment":[{"href":"https:\/\/kervanmagazacilik.com\/index.php\/wp-json\/wp\/v2\/media?parent=6774"}],"wp:term":[{"taxonomy":"product_brand","embeddable":true,"href":"https:\/\/kervanmagazacilik.com\/index.php\/wp-json\/wp\/v2\/product_brand?post=6774"},{"taxonomy":"product_cat","embeddable":true,"href":"https:\/\/kervanmagazacilik.com\/index.php\/wp-json\/wp\/v2\/product_cat?post=6774"},{"taxonomy":"product_tag","embeddable":true,"href":"https:\/\/kervanmagazacilik.com\/index.php\/wp-json\/wp\/v2\/product_tag?post=6774"}],"curies":[{"name":"wp","href":"https:\/\/api.w.org\/{rel}","templated":true}]}}