{"id":6713,"date":"2024-09-22T16:24:43","date_gmt":"2024-09-22T13:24:43","guid":{"rendered":"https:\/\/kervanmagazacilik.com\/?post_type=product&#038;p=6713"},"modified":"2024-09-22T16:24:43","modified_gmt":"2024-09-22T13:24:43","slug":"611sez000038","status":"publish","type":"product","link":"https:\/\/kervanmagazacilik.com\/index.php\/urun\/611sez000038\/","title":{"rendered":"611SEZ000038"},"content":{"rendered":"<p>611SEZ000038<\/p>\n<p>OPUS YEMEK MASASI ANTRASIT 100x200x76cm (6 KISILIK) (OKYANUS)<\/p>\n<p>AL\u00dcM\u0130NYUMDAN \u00dcRET\u0130LM\u0130\u015eT\u0130R.<\/p>\n<p>ELEKTORSTAT\u0130K TOZ BOYA \u0130LE BOYANMI\u015eTIR.<\/p>\n<p>\u0130REKO A\u011eACI-AL\u00dcM\u0130NYUM<\/p>\n<p>YA\u011eMUR VE G\u00dcNE\u015eE DAYANIKLIDIR.<\/p>\n<p>YILDA B\u0130R DEFA YA\u011e BAKIMI GEREKT\u0130R\u0130R.<\/p>\n<p>Bu \u00fcr\u00fcnlerde kulland\u0131\u011f\u0131m\u0131z a\u011fa\u00e7 ireko a\u011fac\u0131d\u0131r, ireko a\u011fac\u0131 bulundu\u011fu ortama g\u00f6re bir y\u0131l i\u00e7inde kendi rengini alacakt\u0131r kendi rengi derken bulundu\u011fu ortamdaki ald\u0131\u011f\u0131 G\u00fcne\u015f \u0131\u015f\u0131n\u0131na g\u00f6re ortam\u0131n s\u0131cakl\u0131\u011f\u0131 nemine g\u00f6re a\u011fa\u00e7 k\u0131z\u0131l\u0131ms\u0131 bir renge d\u00f6n\u00fc\u015fecektir kullan\u0131lan Bu a\u011fa\u00e7 \u00f6zelli\u011fidir ve do\u011fall\u0131\u011f\u0131ndan dolay\u0131d\u0131r.<\/p>\n","protected":false},"excerpt":{"rendered":"<p>611SEZ000038 OPUS YEMEK MASASI ANTRASIT 100x200x76cm (6 KISILIK) (OKYANUS) AL\u00dcM\u0130NYUMDAN \u00dcRET\u0130LM\u0130\u015eT\u0130R. ELEKTORSTAT\u0130K TOZ BOYA \u0130LE BOYANMI\u015eTIR. \u0130REKO A\u011eACI-AL\u00dcM\u0130NYUM YA\u011eMUR VE G\u00dcNE\u015eE DAYANIKLIDIR. YILDA B\u0130R DEFA YA\u011e BAKIMI GEREKT\u0130R\u0130R. Bu \u00fcr\u00fcnlerde kulland\u0131\u011f\u0131m\u0131z a\u011fa\u00e7 ireko a\u011fac\u0131d\u0131r, ireko a\u011fac\u0131 bulundu\u011fu ortama g\u00f6re bir y\u0131l i\u00e7inde kendi rengini alacakt\u0131r kendi rengi derken bulundu\u011fu ortamdaki ald\u0131\u011f\u0131 G\u00fcne\u015f \u0131\u015f\u0131n\u0131na g\u00f6re ortam\u0131n [&hellip;]<\/p>\n","protected":false},"featured_media":6714,"template":"","meta":[],"product_brand":[],"product_cat":[1468],"product_tag":[1487],"class_list":{"0":"post-6713","1":"product","2":"type-product","3":"status-publish","4":"has-post-thumbnail","6":"product_cat-611sez","7":"product_tag-611sez000038","9":"first","10":"instock","11":"taxable","12":"shipping-taxable","13":"product-type-simple"},"_links":{"self":[{"href":"https:\/\/kervanmagazacilik.com\/index.php\/wp-json\/wp\/v2\/product\/6713","targetHints":{"allow":["GET"]}}],"collection":[{"href":"https:\/\/kervanmagazacilik.com\/index.php\/wp-json\/wp\/v2\/product"}],"about":[{"href":"https:\/\/kervanmagazacilik.com\/index.php\/wp-json\/wp\/v2\/types\/product"}],"wp:featuredmedia":[{"embeddable":true,"href":"https:\/\/kervanmagazacilik.com\/index.php\/wp-json\/wp\/v2\/media\/6714"}],"wp:attachment":[{"href":"https:\/\/kervanmagazacilik.com\/index.php\/wp-json\/wp\/v2\/media?parent=6713"}],"wp:term":[{"taxonomy":"product_brand","embeddable":true,"href":"https:\/\/kervanmagazacilik.com\/index.php\/wp-json\/wp\/v2\/product_brand?post=6713"},{"taxonomy":"product_cat","embeddable":true,"href":"https:\/\/kervanmagazacilik.com\/index.php\/wp-json\/wp\/v2\/product_cat?post=6713"},{"taxonomy":"product_tag","embeddable":true,"href":"https:\/\/kervanmagazacilik.com\/index.php\/wp-json\/wp\/v2\/product_tag?post=6713"}],"curies":[{"name":"wp","href":"https:\/\/api.w.org\/{rel}","templated":true}]}}