{"id":6708,"date":"2024-09-22T16:23:16","date_gmt":"2024-09-22T13:23:16","guid":{"rendered":"https:\/\/kervanmagazacilik.com\/?post_type=product&#038;p=6708"},"modified":"2024-09-22T16:23:17","modified_gmt":"2024-09-22T13:23:17","slug":"611sez000037","status":"publish","type":"product","link":"https:\/\/kervanmagazacilik.com\/index.php\/urun\/611sez000037\/","title":{"rendered":"611SEZ000037"},"content":{"rendered":"<p>611SEZ000037<\/p>\n<p>OPUS TEKLI KOLTUK ANTRASIT-KREM 80x202x78cm (OKYANUS) EMBO 101<\/p>\n<p>AL\u00dcM\u0130NYUMDAN \u00dcRET\u0130LM\u0130\u015eT\u0130R.<\/p>\n<p>ELEKTORSTAT\u0130K TOZ BOYA \u0130LE BOYANMI\u015eTIR.<\/p>\n<p>% 100 OL\u0130F\u0130N DI\u015e MEKAN KUMA\u015eI<\/p>\n<p>2 YIL SOLMAZ VE SU \u0130T\u0130C\u0130L\u0130\u011e\u0130 GARANT\u0130S\u0130 VAR<\/p>\n<p>M\u0130NDER 30 DERECE YIKANAB\u0130L\u0130R.LEKE TUTMAZ VE MAK\u0130NEDE D\u00dc\u015e\u00dcK SICAKLIKTA YIKANAB\u0130L\u0130R.<\/p>\n<p>\u0130REKO A\u011eACI-AL\u00dcM\u0130NYUM<\/p>\n<p>YA\u011eMUR VE G\u00dcNE\u015eE DAYANIKLIDIR.<\/p>\n<p>YILDA B\u0130R DEFA YA\u011e BAKIMI GEREKT\u0130R\u0130R.<\/p>\n<p>Bu \u00fcr\u00fcnlerde kulland\u0131\u011f\u0131m\u0131z a\u011fa\u00e7 ireko a\u011fac\u0131d\u0131r, ireko a\u011fac\u0131 bulundu\u011fu ortama g\u00f6re bir y\u0131l i\u00e7inde kendi rengini alacakt\u0131r kendi rengi derken bulundu\u011fu ortamdaki ald\u0131\u011f\u0131 G\u00fcne\u015f \u0131\u015f\u0131n\u0131na g\u00f6re ortam\u0131n s\u0131cakl\u0131\u011f\u0131 nemine g\u00f6re a\u011fa\u00e7 k\u0131z\u0131l\u0131ms\u0131 bir renge d\u00f6n\u00fc\u015fecektir kullan\u0131lan Bu a\u011fa\u00e7 \u00f6zelli\u011fidir ve do\u011fall\u0131\u011f\u0131ndan dolay\u0131d\u0131r.<\/p>\n","protected":false},"excerpt":{"rendered":"<p>611SEZ000037 OPUS TEKLI KOLTUK ANTRASIT-KREM 80x202x78cm (OKYANUS) EMBO 101 AL\u00dcM\u0130NYUMDAN \u00dcRET\u0130LM\u0130\u015eT\u0130R. ELEKTORSTAT\u0130K TOZ BOYA \u0130LE BOYANMI\u015eTIR. % 100 OL\u0130F\u0130N DI\u015e MEKAN KUMA\u015eI 2 YIL SOLMAZ VE SU \u0130T\u0130C\u0130L\u0130\u011e\u0130 GARANT\u0130S\u0130 VAR M\u0130NDER 30 DERECE YIKANAB\u0130L\u0130R.LEKE TUTMAZ VE MAK\u0130NEDE D\u00dc\u015e\u00dcK SICAKLIKTA YIKANAB\u0130L\u0130R. \u0130REKO A\u011eACI-AL\u00dcM\u0130NYUM YA\u011eMUR VE G\u00dcNE\u015eE DAYANIKLIDIR. YILDA B\u0130R DEFA YA\u011e BAKIMI GEREKT\u0130R\u0130R. Bu \u00fcr\u00fcnlerde kulland\u0131\u011f\u0131m\u0131z [&hellip;]<\/p>\n","protected":false},"featured_media":6709,"template":"","meta":[],"product_brand":[],"product_cat":[1468],"product_tag":[1486],"class_list":{"0":"post-6708","1":"product","2":"type-product","3":"status-publish","4":"has-post-thumbnail","6":"product_cat-611sez","7":"product_tag-611sez000037","9":"first","10":"instock","11":"taxable","12":"shipping-taxable","13":"product-type-simple"},"_links":{"self":[{"href":"https:\/\/kervanmagazacilik.com\/index.php\/wp-json\/wp\/v2\/product\/6708","targetHints":{"allow":["GET"]}}],"collection":[{"href":"https:\/\/kervanmagazacilik.com\/index.php\/wp-json\/wp\/v2\/product"}],"about":[{"href":"https:\/\/kervanmagazacilik.com\/index.php\/wp-json\/wp\/v2\/types\/product"}],"wp:featuredmedia":[{"embeddable":true,"href":"https:\/\/kervanmagazacilik.com\/index.php\/wp-json\/wp\/v2\/media\/6709"}],"wp:attachment":[{"href":"https:\/\/kervanmagazacilik.com\/index.php\/wp-json\/wp\/v2\/media?parent=6708"}],"wp:term":[{"taxonomy":"product_brand","embeddable":true,"href":"https:\/\/kervanmagazacilik.com\/index.php\/wp-json\/wp\/v2\/product_brand?post=6708"},{"taxonomy":"product_cat","embeddable":true,"href":"https:\/\/kervanmagazacilik.com\/index.php\/wp-json\/wp\/v2\/product_cat?post=6708"},{"taxonomy":"product_tag","embeddable":true,"href":"https:\/\/kervanmagazacilik.com\/index.php\/wp-json\/wp\/v2\/product_tag?post=6708"}],"curies":[{"name":"wp","href":"https:\/\/api.w.org\/{rel}","templated":true}]}}