{"id":6619,"date":"2024-09-22T15:42:35","date_gmt":"2024-09-22T12:42:35","guid":{"rendered":"https:\/\/kervanmagazacilik.com\/?post_type=product&#038;p=6619"},"modified":"2024-12-20T10:37:04","modified_gmt":"2024-12-20T07:37:04","slug":"611ac0000471","status":"publish","type":"product","link":"https:\/\/kervanmagazacilik.com\/index.php\/urun\/611ac0000471\/","title":{"rendered":"611AC0000471"},"content":{"rendered":"<p>611AC0000471<\/p>\n<p>V\u0130LLA CHER\u0130E D\u0130KD\u00d6RTGEN MASA KREM 118&#215;206-318x78cm N9008000-134 PRJ<\/p>\n","protected":false},"excerpt":{"rendered":"<p>611AC0000471 V\u0130LLA CHER\u0130E D\u0130KD\u00d6RTGEN MASA KREM 118&#215;206-318x78cm N9008000-134 PRJ<\/p>\n","protected":false},"featured_media":6633,"template":"","meta":[],"product_brand":[],"product_cat":[42],"product_tag":[1467],"class_list":{"0":"post-6619","1":"product","2":"type-product","3":"status-publish","4":"has-post-thumbnail","6":"product_cat-611ac","7":"product_tag-611ac0000471","9":"first","10":"instock","11":"taxable","12":"shipping-taxable","13":"product-type-simple"},"_links":{"self":[{"href":"https:\/\/kervanmagazacilik.com\/index.php\/wp-json\/wp\/v2\/product\/6619","targetHints":{"allow":["GET"]}}],"collection":[{"href":"https:\/\/kervanmagazacilik.com\/index.php\/wp-json\/wp\/v2\/product"}],"about":[{"href":"https:\/\/kervanmagazacilik.com\/index.php\/wp-json\/wp\/v2\/types\/product"}],"wp:featuredmedia":[{"embeddable":true,"href":"https:\/\/kervanmagazacilik.com\/index.php\/wp-json\/wp\/v2\/media\/6633"}],"wp:attachment":[{"href":"https:\/\/kervanmagazacilik.com\/index.php\/wp-json\/wp\/v2\/media?parent=6619"}],"wp:term":[{"taxonomy":"product_brand","embeddable":true,"href":"https:\/\/kervanmagazacilik.com\/index.php\/wp-json\/wp\/v2\/product_brand?post=6619"},{"taxonomy":"product_cat","embeddable":true,"href":"https:\/\/kervanmagazacilik.com\/index.php\/wp-json\/wp\/v2\/product_cat?post=6619"},{"taxonomy":"product_tag","embeddable":true,"href":"https:\/\/kervanmagazacilik.com\/index.php\/wp-json\/wp\/v2\/product_tag?post=6619"}],"curies":[{"name":"wp","href":"https:\/\/api.w.org\/{rel}","templated":true}]}}