{"id":6356,"date":"2024-09-22T14:41:50","date_gmt":"2024-09-22T11:41:50","guid":{"rendered":"https:\/\/kervanmagazacilik.com\/?post_type=product&#038;p=6356"},"modified":"2024-12-20T08:39:39","modified_gmt":"2024-12-20T05:39:39","slug":"611ac0000421","status":"publish","type":"product","link":"https:\/\/kervanmagazacilik.com\/index.php\/urun\/611ac0000421\/","title":{"rendered":"611AC0000421"},"content":{"rendered":"<p>611AC0000421<\/p>\n<p>MALIBU CREST \u00dc\u00c7L\u00dc KOLTUK KAHVE 97x255x78cm N9007816-412 PRJ<\/p>\n","protected":false},"excerpt":{"rendered":"<p>611AC0000421 MALIBU CREST \u00dc\u00c7L\u00dc KOLTUK KAHVE 97x255x78cm N9007816-412 PRJ<\/p>\n","protected":false},"featured_media":6357,"template":"","meta":[],"product_brand":[],"product_cat":[42],"product_tag":[1440],"class_list":{"0":"post-6356","1":"product","2":"type-product","3":"status-publish","4":"has-post-thumbnail","6":"product_cat-611ac","7":"product_tag-611ac0000421","9":"first","10":"instock","11":"taxable","12":"shipping-taxable","13":"product-type-simple"},"_links":{"self":[{"href":"https:\/\/kervanmagazacilik.com\/index.php\/wp-json\/wp\/v2\/product\/6356","targetHints":{"allow":["GET"]}}],"collection":[{"href":"https:\/\/kervanmagazacilik.com\/index.php\/wp-json\/wp\/v2\/product"}],"about":[{"href":"https:\/\/kervanmagazacilik.com\/index.php\/wp-json\/wp\/v2\/types\/product"}],"wp:featuredmedia":[{"embeddable":true,"href":"https:\/\/kervanmagazacilik.com\/index.php\/wp-json\/wp\/v2\/media\/6357"}],"wp:attachment":[{"href":"https:\/\/kervanmagazacilik.com\/index.php\/wp-json\/wp\/v2\/media?parent=6356"}],"wp:term":[{"taxonomy":"product_brand","embeddable":true,"href":"https:\/\/kervanmagazacilik.com\/index.php\/wp-json\/wp\/v2\/product_brand?post=6356"},{"taxonomy":"product_cat","embeddable":true,"href":"https:\/\/kervanmagazacilik.com\/index.php\/wp-json\/wp\/v2\/product_cat?post=6356"},{"taxonomy":"product_tag","embeddable":true,"href":"https:\/\/kervanmagazacilik.com\/index.php\/wp-json\/wp\/v2\/product_tag?post=6356"}],"curies":[{"name":"wp","href":"https:\/\/api.w.org\/{rel}","templated":true}]}}