{"id":6353,"date":"2024-09-22T14:47:38","date_gmt":"2024-09-22T11:47:38","guid":{"rendered":"https:\/\/kervanmagazacilik.com\/?post_type=product&#038;p=6353"},"modified":"2024-12-20T08:36:44","modified_gmt":"2024-12-20T05:36:44","slug":"611ac0000384","status":"publish","type":"product","link":"https:\/\/kervanmagazacilik.com\/index.php\/urun\/611ac0000384\/","title":{"rendered":"611AC0000384"},"content":{"rendered":"<p>611AC0000384<\/p>\n<p>V\u0130LLA CHER\u0130E MARK\u0130Z KAHVE 46x137x48cm N9008904 PRJ<\/p>\n","protected":false},"excerpt":{"rendered":"<p>611AC0000384 V\u0130LLA CHER\u0130E MARK\u0130Z KAHVE 46x137x48cm N9008904 PRJ<\/p>\n","protected":false},"featured_media":6364,"template":"","meta":[],"product_brand":[],"product_cat":[42],"product_tag":[1443],"class_list":{"0":"post-6353","1":"product","2":"type-product","3":"status-publish","4":"has-post-thumbnail","6":"product_cat-611ac","7":"product_tag-611ac0000384","9":"first","10":"instock","11":"taxable","12":"shipping-taxable","13":"product-type-simple"},"_links":{"self":[{"href":"https:\/\/kervanmagazacilik.com\/index.php\/wp-json\/wp\/v2\/product\/6353","targetHints":{"allow":["GET"]}}],"collection":[{"href":"https:\/\/kervanmagazacilik.com\/index.php\/wp-json\/wp\/v2\/product"}],"about":[{"href":"https:\/\/kervanmagazacilik.com\/index.php\/wp-json\/wp\/v2\/types\/product"}],"wp:featuredmedia":[{"embeddable":true,"href":"https:\/\/kervanmagazacilik.com\/index.php\/wp-json\/wp\/v2\/media\/6364"}],"wp:attachment":[{"href":"https:\/\/kervanmagazacilik.com\/index.php\/wp-json\/wp\/v2\/media?parent=6353"}],"wp:term":[{"taxonomy":"product_brand","embeddable":true,"href":"https:\/\/kervanmagazacilik.com\/index.php\/wp-json\/wp\/v2\/product_brand?post=6353"},{"taxonomy":"product_cat","embeddable":true,"href":"https:\/\/kervanmagazacilik.com\/index.php\/wp-json\/wp\/v2\/product_cat?post=6353"},{"taxonomy":"product_tag","embeddable":true,"href":"https:\/\/kervanmagazacilik.com\/index.php\/wp-json\/wp\/v2\/product_tag?post=6353"}],"curies":[{"name":"wp","href":"https:\/\/api.w.org\/{rel}","templated":true}]}}