{"id":628,"date":"2024-08-19T09:29:55","date_gmt":"2024-08-19T06:29:55","guid":{"rendered":"https:\/\/kervanmagazacilik.com\/?post_type=product&#038;p=628"},"modified":"2024-08-19T09:29:55","modified_gmt":"2024-08-19T06:29:55","slug":"611ac0000477-2","status":"publish","type":"product","link":"https:\/\/kervanmagazacilik.com\/index.php\/urun\/611ac0000477-2\/","title":{"rendered":"611AC0000477"},"content":{"rendered":"<p>611AC0000477<\/p>\n<p>V\u0130LLA CHER\u0130E \u00c7ALI\u015eMA MASASI KREM<\/p>\n<p>76x167x78cm N9008207-134 PRJ<\/p>\n<p>5 \u00e7ekmeceli \u00e7al\u0131\u015fma masas\u0131 yumu\u015fak kapanan s\u00fcrg\u00fcl\u00fc kadife astarl\u0131d\u0131r.<br \/>\nBacaklar konik bir tasar\u0131ma sahiptir.<br \/>\nKasnak \u00e7ekmece kulplar\u0131 , topuzlar\u0131 ve s\u00fcsleri Chardonnay tasar\u0131md\u0131r.<br \/>\n3 ince \u00e7ekmece ve 2 b\u00fcy\u00fck \u00e7ekmece i\u00e7erir.<br \/>\nSandalye buzlu ketenle kaplanm\u0131\u015ft\u0131r.<br \/>\nArkal\u0131k , dikey kanal<\/p>\n","protected":false},"excerpt":{"rendered":"<p>611AC0000477 V\u0130LLA CHER\u0130E \u00c7ALI\u015eMA MASASI KREM 76x167x78cm N9008207-134 PRJ 5 \u00e7ekmeceli \u00e7al\u0131\u015fma masas\u0131 yumu\u015fak kapanan s\u00fcrg\u00fcl\u00fc kadife astarl\u0131d\u0131r. Bacaklar konik bir tasar\u0131ma sahiptir. Kasnak \u00e7ekmece kulplar\u0131 , topuzlar\u0131 ve s\u00fcsleri Chardonnay tasar\u0131md\u0131r. 3 ince \u00e7ekmece ve 2 b\u00fcy\u00fck \u00e7ekmece i\u00e7erir. Sandalye buzlu ketenle kaplanm\u0131\u015ft\u0131r. Arkal\u0131k , dikey kanal<\/p>\n","protected":false},"featured_media":629,"template":"","meta":[],"product_brand":[],"product_cat":[42],"product_tag":[72],"class_list":{"0":"post-628","1":"product","2":"type-product","3":"status-publish","4":"has-post-thumbnail","6":"product_cat-611ac","7":"product_tag-611ac0000477","9":"first","10":"instock","11":"taxable","12":"shipping-taxable","13":"product-type-simple"},"_links":{"self":[{"href":"https:\/\/kervanmagazacilik.com\/index.php\/wp-json\/wp\/v2\/product\/628","targetHints":{"allow":["GET"]}}],"collection":[{"href":"https:\/\/kervanmagazacilik.com\/index.php\/wp-json\/wp\/v2\/product"}],"about":[{"href":"https:\/\/kervanmagazacilik.com\/index.php\/wp-json\/wp\/v2\/types\/product"}],"wp:featuredmedia":[{"embeddable":true,"href":"https:\/\/kervanmagazacilik.com\/index.php\/wp-json\/wp\/v2\/media\/629"}],"wp:attachment":[{"href":"https:\/\/kervanmagazacilik.com\/index.php\/wp-json\/wp\/v2\/media?parent=628"}],"wp:term":[{"taxonomy":"product_brand","embeddable":true,"href":"https:\/\/kervanmagazacilik.com\/index.php\/wp-json\/wp\/v2\/product_brand?post=628"},{"taxonomy":"product_cat","embeddable":true,"href":"https:\/\/kervanmagazacilik.com\/index.php\/wp-json\/wp\/v2\/product_cat?post=628"},{"taxonomy":"product_tag","embeddable":true,"href":"https:\/\/kervanmagazacilik.com\/index.php\/wp-json\/wp\/v2\/product_tag?post=628"}],"curies":[{"name":"wp","href":"https:\/\/api.w.org\/{rel}","templated":true}]}}