{"id":625,"date":"2024-08-19T09:25:59","date_gmt":"2024-08-19T06:25:59","guid":{"rendered":"https:\/\/kervanmagazacilik.com\/?post_type=product&#038;p=625"},"modified":"2024-08-19T09:26:00","modified_gmt":"2024-08-19T06:26:00","slug":"611ac0000476-2","status":"publish","type":"product","link":"https:\/\/kervanmagazacilik.com\/index.php\/urun\/611ac0000476-2\/","title":{"rendered":"611AC0000476"},"content":{"rendered":"<p>611AC0000476<\/p>\n<p>V\u0130LLA CHER\u0130E K\u0130TAPLIK KREM<\/p>\n<p>47x91x204cm N9008199-134 PRJ<\/p>\n","protected":false},"excerpt":{"rendered":"<p>611AC0000476 V\u0130LLA CHER\u0130E K\u0130TAPLIK KREM 47x91x204cm N9008199-134 PRJ<\/p>\n","protected":false},"featured_media":626,"template":"","meta":[],"product_brand":[],"product_cat":[42],"product_tag":[102],"class_list":{"0":"post-625","1":"product","2":"type-product","3":"status-publish","4":"has-post-thumbnail","6":"product_cat-611ac","7":"product_tag-611ac0000476","9":"first","10":"instock","11":"taxable","12":"shipping-taxable","13":"product-type-simple"},"_links":{"self":[{"href":"https:\/\/kervanmagazacilik.com\/index.php\/wp-json\/wp\/v2\/product\/625","targetHints":{"allow":["GET"]}}],"collection":[{"href":"https:\/\/kervanmagazacilik.com\/index.php\/wp-json\/wp\/v2\/product"}],"about":[{"href":"https:\/\/kervanmagazacilik.com\/index.php\/wp-json\/wp\/v2\/types\/product"}],"wp:featuredmedia":[{"embeddable":true,"href":"https:\/\/kervanmagazacilik.com\/index.php\/wp-json\/wp\/v2\/media\/626"}],"wp:attachment":[{"href":"https:\/\/kervanmagazacilik.com\/index.php\/wp-json\/wp\/v2\/media?parent=625"}],"wp:term":[{"taxonomy":"product_brand","embeddable":true,"href":"https:\/\/kervanmagazacilik.com\/index.php\/wp-json\/wp\/v2\/product_brand?post=625"},{"taxonomy":"product_cat","embeddable":true,"href":"https:\/\/kervanmagazacilik.com\/index.php\/wp-json\/wp\/v2\/product_cat?post=625"},{"taxonomy":"product_tag","embeddable":true,"href":"https:\/\/kervanmagazacilik.com\/index.php\/wp-json\/wp\/v2\/product_tag?post=625"}],"curies":[{"name":"wp","href":"https:\/\/api.w.org\/{rel}","templated":true}]}}