{"id":6235,"date":"2024-09-22T14:13:19","date_gmt":"2024-09-22T11:13:19","guid":{"rendered":"https:\/\/kervanmagazacilik.com\/?post_type=product&#038;p=6235"},"modified":"2024-09-22T14:13:19","modified_gmt":"2024-09-22T11:13:19","slug":"611ac0000377","status":"publish","type":"product","link":"https:\/\/kervanmagazacilik.com\/index.php\/urun\/611ac0000377\/","title":{"rendered":"611AC0000377"},"content":{"rendered":"<p>611AC0000377<\/p>\n<p>V\u0130LLA CHER\u0130E \u00c7ALI\u015eMA MASASI+SANDALYE KAHVE 76x167x78cm N9008207-44 PRJ<\/p>\n","protected":false},"excerpt":{"rendered":"<p>611AC0000377 V\u0130LLA CHER\u0130E \u00c7ALI\u015eMA MASASI+SANDALYE KAHVE 76x167x78cm N9008207-44 PRJ<\/p>\n","protected":false},"featured_media":6237,"template":"","meta":[],"product_brand":[],"product_cat":[42],"product_tag":[1435],"class_list":{"0":"post-6235","1":"product","2":"type-product","3":"status-publish","4":"has-post-thumbnail","6":"product_cat-611ac","7":"product_tag-611ac0000377","9":"first","10":"instock","11":"taxable","12":"shipping-taxable","13":"product-type-simple"},"_links":{"self":[{"href":"https:\/\/kervanmagazacilik.com\/index.php\/wp-json\/wp\/v2\/product\/6235","targetHints":{"allow":["GET"]}}],"collection":[{"href":"https:\/\/kervanmagazacilik.com\/index.php\/wp-json\/wp\/v2\/product"}],"about":[{"href":"https:\/\/kervanmagazacilik.com\/index.php\/wp-json\/wp\/v2\/types\/product"}],"wp:featuredmedia":[{"embeddable":true,"href":"https:\/\/kervanmagazacilik.com\/index.php\/wp-json\/wp\/v2\/media\/6237"}],"wp:attachment":[{"href":"https:\/\/kervanmagazacilik.com\/index.php\/wp-json\/wp\/v2\/media?parent=6235"}],"wp:term":[{"taxonomy":"product_brand","embeddable":true,"href":"https:\/\/kervanmagazacilik.com\/index.php\/wp-json\/wp\/v2\/product_brand?post=6235"},{"taxonomy":"product_cat","embeddable":true,"href":"https:\/\/kervanmagazacilik.com\/index.php\/wp-json\/wp\/v2\/product_cat?post=6235"},{"taxonomy":"product_tag","embeddable":true,"href":"https:\/\/kervanmagazacilik.com\/index.php\/wp-json\/wp\/v2\/product_tag?post=6235"}],"curies":[{"name":"wp","href":"https:\/\/api.w.org\/{rel}","templated":true}]}}