{"id":616,"date":"2024-08-19T09:14:33","date_gmt":"2024-08-19T06:14:33","guid":{"rendered":"https:\/\/kervanmagazacilik.com\/?post_type=product&#038;p=616"},"modified":"2024-08-19T09:14:33","modified_gmt":"2024-08-19T06:14:33","slug":"611ac0000474-2","status":"publish","type":"product","link":"https:\/\/kervanmagazacilik.com\/index.php\/urun\/611ac0000474-2\/","title":{"rendered":"611AC0000474"},"content":{"rendered":"<p>611AC0000474<\/p>\n<p>V\u0130LLA CHER\u0130E YUVARLAK MASA KREM<\/p>\n<p>152x152x78cm N9008001B-T-134 PRJ<\/p>\n<p>Masa karamel kaplamal\u0131 haz\u0131r boyal\u0131 girdapl\u0131 maun a\u011fac\u0131 ile tasarlanm\u0131\u015ft\u0131r.<br \/>\nBacak vurgular\u0131 , s\u00fcslemeler ve ayaklar Chardonnay ile tamamland\u0131.<br \/>\nBoyal\u0131 masa \u00fcst\u00fc tasar\u0131m\u0131 platin kaplamad\u0131r.<br \/>\nKaide , Chardonnay ile tamamlanm\u0131\u015f \u00e7apraz halat motifleri ile \u015fekilli bir yonca tasar\u0131m\u0131na sahiptir.\u00a0 \u00a0 \u00a0 \u00a0 \u00a0 \u00a0 \u00a0 \u00a0 \u00a0 Masa karamel kaplamal\u0131 haz\u0131r boyal\u0131 girdapl\u0131 maun a\u011fac\u0131 ile tasarlanm\u0131\u015ft\u0131r.<\/p>\n","protected":false},"excerpt":{"rendered":"<p>611AC0000474 V\u0130LLA CHER\u0130E YUVARLAK MASA KREM 152x152x78cm N9008001B-T-134 PRJ Masa karamel kaplamal\u0131 haz\u0131r boyal\u0131 girdapl\u0131 maun a\u011fac\u0131 ile tasarlanm\u0131\u015ft\u0131r. Bacak vurgular\u0131 , s\u00fcslemeler ve ayaklar Chardonnay ile tamamland\u0131. Boyal\u0131 masa \u00fcst\u00fc tasar\u0131m\u0131 platin kaplamad\u0131r. Kaide , Chardonnay ile tamamlanm\u0131\u015f \u00e7apraz halat motifleri ile \u015fekilli bir yonca tasar\u0131m\u0131na sahiptir.\u00a0 \u00a0 \u00a0 \u00a0 \u00a0 \u00a0 \u00a0 \u00a0 [&hellip;]<\/p>\n","protected":false},"featured_media":617,"template":"","meta":[],"product_brand":[],"product_cat":[42],"product_tag":[104],"class_list":{"0":"post-616","1":"product","2":"type-product","3":"status-publish","4":"has-post-thumbnail","6":"product_cat-611ac","7":"product_tag-611ac0000474","9":"first","10":"instock","11":"taxable","12":"shipping-taxable","13":"product-type-simple"},"_links":{"self":[{"href":"https:\/\/kervanmagazacilik.com\/index.php\/wp-json\/wp\/v2\/product\/616","targetHints":{"allow":["GET"]}}],"collection":[{"href":"https:\/\/kervanmagazacilik.com\/index.php\/wp-json\/wp\/v2\/product"}],"about":[{"href":"https:\/\/kervanmagazacilik.com\/index.php\/wp-json\/wp\/v2\/types\/product"}],"wp:featuredmedia":[{"embeddable":true,"href":"https:\/\/kervanmagazacilik.com\/index.php\/wp-json\/wp\/v2\/media\/617"}],"wp:attachment":[{"href":"https:\/\/kervanmagazacilik.com\/index.php\/wp-json\/wp\/v2\/media?parent=616"}],"wp:term":[{"taxonomy":"product_brand","embeddable":true,"href":"https:\/\/kervanmagazacilik.com\/index.php\/wp-json\/wp\/v2\/product_brand?post=616"},{"taxonomy":"product_cat","embeddable":true,"href":"https:\/\/kervanmagazacilik.com\/index.php\/wp-json\/wp\/v2\/product_cat?post=616"},{"taxonomy":"product_tag","embeddable":true,"href":"https:\/\/kervanmagazacilik.com\/index.php\/wp-json\/wp\/v2\/product_tag?post=616"}],"curies":[{"name":"wp","href":"https:\/\/api.w.org\/{rel}","templated":true}]}}