{"id":6152,"date":"2024-09-22T13:29:39","date_gmt":"2024-09-22T10:29:39","guid":{"rendered":"https:\/\/kervanmagazacilik.com\/?post_type=product&#038;p=6152"},"modified":"2024-09-22T13:29:39","modified_gmt":"2024-09-22T10:29:39","slug":"611ac0000369","status":"publish","type":"product","link":"https:\/\/kervanmagazacilik.com\/index.php\/urun\/611ac0000369\/","title":{"rendered":"611AC0000369"},"content":{"rendered":"<p>611AC0000369<\/p>\n<p>V\u0130LLA CHER\u0130E TV \u00dcN\u0130TES\u0130 KAHVE 48x203x57cm N9008081 PRJ<\/p>\n","protected":false},"excerpt":{"rendered":"<p>611AC0000369 V\u0130LLA CHER\u0130E TV \u00dcN\u0130TES\u0130 KAHVE 48x203x57cm N9008081 PRJ<\/p>\n","protected":false},"featured_media":6153,"template":"","meta":[],"product_brand":[],"product_cat":[42],"product_tag":[1427],"class_list":{"0":"post-6152","1":"product","2":"type-product","3":"status-publish","4":"has-post-thumbnail","6":"product_cat-611ac","7":"product_tag-611ac0000369","9":"first","10":"instock","11":"taxable","12":"shipping-taxable","13":"product-type-simple"},"_links":{"self":[{"href":"https:\/\/kervanmagazacilik.com\/index.php\/wp-json\/wp\/v2\/product\/6152","targetHints":{"allow":["GET"]}}],"collection":[{"href":"https:\/\/kervanmagazacilik.com\/index.php\/wp-json\/wp\/v2\/product"}],"about":[{"href":"https:\/\/kervanmagazacilik.com\/index.php\/wp-json\/wp\/v2\/types\/product"}],"wp:featuredmedia":[{"embeddable":true,"href":"https:\/\/kervanmagazacilik.com\/index.php\/wp-json\/wp\/v2\/media\/6153"}],"wp:attachment":[{"href":"https:\/\/kervanmagazacilik.com\/index.php\/wp-json\/wp\/v2\/media?parent=6152"}],"wp:term":[{"taxonomy":"product_brand","embeddable":true,"href":"https:\/\/kervanmagazacilik.com\/index.php\/wp-json\/wp\/v2\/product_brand?post=6152"},{"taxonomy":"product_cat","embeddable":true,"href":"https:\/\/kervanmagazacilik.com\/index.php\/wp-json\/wp\/v2\/product_cat?post=6152"},{"taxonomy":"product_tag","embeddable":true,"href":"https:\/\/kervanmagazacilik.com\/index.php\/wp-json\/wp\/v2\/product_tag?post=6152"}],"curies":[{"name":"wp","href":"https:\/\/api.w.org\/{rel}","templated":true}]}}