{"id":613,"date":"2024-08-19T09:09:15","date_gmt":"2024-08-19T06:09:15","guid":{"rendered":"https:\/\/kervanmagazacilik.com\/?post_type=product&#038;p=613"},"modified":"2024-08-19T09:09:15","modified_gmt":"2024-08-19T06:09:15","slug":"611ac0000473-2","status":"publish","type":"product","link":"https:\/\/kervanmagazacilik.com\/index.php\/urun\/611ac0000473-2\/","title":{"rendered":"611AC0000473"},"content":{"rendered":"<p>611AC0000473<\/p>\n<p>V\u0130LLA CHER\u0130E KOLSUZ SANDALYE KREM<\/p>\n<p>71x56x99cm N9008003-134 PRJ<\/p>\n<p>Sandalyeler buzlu ketenle kaplanm\u0131\u015ft\u0131r.<br \/>\nS\u0131rtta dikey kanal p\u00fcsk\u00fcl\u00fc ve sandalyenin d\u0131\u015f\u0131nda halka vurgusu bulunur.<br \/>\n\u00c7er\u00e7eve ve kol\u00e7aklar Chardonnay ile tasarland\u0131.<br \/>\nSandalye\u2019nin konik \u00f6n ayaklar\u0131 Chardonnay kaplamad\u0131r ve \u00e7apraz ip motiflerine sahiptir.<br \/>\nY\u00dcKSEK HAVLI D\u00d6\u015eEMEL\u0130K KUMA\u015eLARIN BAKIMI VE \u00d6NER\u0130LER<br \/>\nAICO, d\u00f6\u015femeli \u00fcr\u00fcnlerde yaln\u0131zca en iyi kuma\u015flar\u0131 kullan\u0131r.<br \/>\nBaz\u0131 kuma\u015flar, bak\u0131m gerektiren t\u00fcyl\u00fc veya uzun t\u00fcyl\u00fc ipliklere sahiptir.<br \/>\nAICO\u2019da , hafif eskitme veya \u201cvintage\u201d bir g\u00f6r\u00fcn\u00fcm elde etmek i\u00e7in \u00f6zel olarak \u00fcretilmi\u015f Kadife ve \u015e\u00f6nil kuma\u015flar kullan\u0131yoruz.\u00a0 \u00a0 \u00a0 \u00a0 \u00a0 \u00a0 \u00a0 \u00a0 \u00a0 \u00a0 \u00a0 \u00a0 \u00a0 \u00a0 \u00a0 \u00a0 \u00a0 \u00a0 \u00a0 \u00a0 \u00a0 \u00a0 \u00a0 \u00a0 \u00a0 \u00a0 \u00a0 \u00a0 \u00a0 \u00a0 \u00a0 \u00a0 \u00a0 \u00a0 \u00a0 \u00a0 \u00a0 \u00a0 \u00a0 \u00a0 \u00a0 \u00a0 \u00a0 \u00a0 \u00a0 \u00a0 \u00a0 \u00a0 \u00a0 \u00a0 \u00a0 \u00a0 \u00a0 \u00a0 \u00a0 \u00a0 \u00a0 \u00a0 \u00a0 \u00a0 \u00a0 \u00a0 \u00a0 \u00a0 \u00a0 \u00a0 \u00a0 \u00a0 \u00a0 \u00a0 \u00a0 \u00a0 \u00a0 \u00a0 \u00a0 \u00a0 \u00a0 \u00a0 \u00a0 \u00a0 \u00a0 \u00a0 Kuma\u015flar\u0131n bu antika veya vintage g\u00f6r\u00fcn\u00fcm\u00fc, kuma\u015f\u0131n ta\u015fla y\u0131kanmas\u0131 ve aprelenmesiyle elde edilir.\u00a0 \u00a0 \u00a0 \u00a0 \u00a0 \u00a0 \u00a0 \u00a0 \u00a0 \u00a0 \u00a0 Kuma\u015f, y\u0131kama ve bitirme i\u015flemi taraf\u0131ndan yap\u0131lan kas\u0131tl\u0131 i\u015faretler i\u00e7erecektir.<br \/>\nKadife in\u015faat kuma\u015flar\u0131, \u015e\u00f6nil iplikler, S\u00fcet Kuma\u015flar ve Suni K\u00fcrkler, y\u00fcksek havl\u0131 iplikler kullanan, t\u00fcyl\u00fc yayg\u0131n d\u00f6\u015femelik kuma\u015flard\u0131r.<br \/>\nNap veya uzun t\u00fcyl\u00fc iplik kuma\u015flar, kuma\u015f\u0131n par\u00e7an\u0131z\u0131n neresinde bulundu\u011funa ba\u011fl\u0131 olarak \u0131\u015f\u0131\u011f\u0131 farkl\u0131 \u015fekilde da\u011f\u0131t\u0131r.<br \/>\nI\u015f\u0131k yay\u0131l\u0131m\u0131 sonucu, kuma\u015f\u0131n\u0131z d\u00f6\u015femenin farkl\u0131 yerlerinde daha a\u00e7\u0131k veya daha koyu renkte g\u00f6r\u00fcnebilir.\u00a0 \u00a0 \u00a0 \u00a0 \u00a0 \u00a0 Bu nedenle, t\u00fcm par\u00e7alar\u0131 uzun t\u00fcyl\u00fc kuma\u015flardaki hav s\u0131rtlardan a\u015fa\u011f\u0131ya ve koltuklar\u0131n arkas\u0131ndan \u00f6ne do\u011fru uzanacak \u015fekilde d\u00f6\u015femek AICO\u2019nun standard\u0131d\u0131r.<br \/>\nUzun havl\u0131 iplikler, nakliye s\u0131ras\u0131nda kullan\u0131lan ambalaj malzemeleri taraf\u0131ndan s\u0131k\u0131\u015ft\u0131r\u0131labilir.\u00a0 \u00a0 \u00a0 \u00a0 \u00a0 \u00a0 \u00a0 \u00a0 \u00a0 \u00a0 \u00a0 \u00a0 \u00a0 \u00a0 \u00a0 Bu olursa, kuma\u015f g\u00f6lgeli, mat veya i\u015faretli g\u00f6r\u00fcnebilir ancak herhangi bir \u015fekilde hasar g\u00f6rmez veya zarar g\u00f6rmez.<br \/>\nSevkiyat s\u0131ras\u0131nda ambalaj malzemelerinin s\u0131k\u0131\u015ft\u0131r\u0131lmas\u0131ndan dolay\u0131 hav ipliklerini orijinal hallerine \u201ca\u00e7mak\u201d veya \u201cdoldurmak\u201d i\u00e7in l\u00fctfen a\u015fa\u011f\u0131daki talimatlar\u0131 izleyin:<br \/>\n1. Yumu\u015fak, esnek k\u0131llara sahip bir d\u00f6\u015feme f\u0131r\u00e7as\u0131 kullanarak, hav ipliklerini kuma\u015f taban\u0131ndan yukar\u0131 ve uza\u011fa kald\u0131rmak i\u00e7in kuma\u015f\u0131 damarlara do\u011fru f\u0131r\u00e7alay\u0131n; kuma\u015f ve iplik cinsine g\u00f6re ikinci bir f\u0131r\u00e7alama gerekebilir.<br \/>\n2. Elde ta\u015f\u0131nan veya ticari olarak kullan\u0131lan k\u00fc\u00e7\u00fck bir buharlay\u0131c\u0131ya sahipseniz, daha sonra t\u00fcyleri ve iplikleri<br \/>\n\u201c\u00e7i\u00e7eklendirecek\u201d veya dolgunla\u015ft\u0131racak k\u00fc\u00e7\u00fck buhar patlamalar\u0131 kullanarak kuma\u015f\u0131n etkilenen b\u00f6lgelerini hafif\u00e7e buharlay\u0131n.Buharlay\u0131c\u0131y\u0131 asla do\u011frudan kuma\u015fa dokundurmay\u0131n.<br \/>\n3. Buharl\u0131 pi\u015firicinizde bir f\u0131r\u00e7a aparat\u0131 varsa, hav\u0131 ve iplikleri kald\u0131rmak i\u00e7in f\u0131r\u00e7a aparat\u0131n\u0131n k\u0131l taraf\u0131yla kuma\u015f\u0131n damarlar\u0131na do\u011fru f\u0131r\u00e7alayarak yukar\u0131daki ad\u0131m\u0131 izleyin.<br \/>\nNOT: Elinizi havl\u0131 veya havl\u0131 bir kuma\u015f\u0131n damarlar\u0131yla veya a\u015fa\u011f\u0131 do\u011fru f\u0131r\u00e7alad\u0131\u011f\u0131n\u0131zda , kuma\u015f p\u00fcr\u00fczs\u00fcz olacakt\u0131r ; Elinizi t\u00fcyl\u00fc bir kuma\u015f\u0131n damarlar\u0131na s\u00fcrtt\u00fc\u011f\u00fcn\u00fczde , kuma\u015f p\u00fcr\u00fczl\u00fc olacakt\u0131r.<br \/>\nSUN\u0130 K\u00dcRK KUMA\u015eLARLA \u0130LG\u0130L\u0130 \u00d6NEML\u0130 BAKIM UYARISI:\u00a0 \u00a0 \u00a0 \u00a0 \u00a0 \u00a0 \u00a0 \u00a0 \u00a0 \u00a0 \u00a0 \u00a0 \u00a0 \u00a0 \u00a0 \u00a0 \u00a0 \u00a0 \u00a0 \u00a0 \u00a0 \u00a0 \u00a0 \u00a0 \u00a0 \u00a0 \u00a0 \u00a0 \u00a0 \u00a0 \u00a0 \u00a0 \u00a0 \u00a0 \u00a0 \u00a0 \u00a0 \u00a0 \u00a0 \u00a0 \u00a0 Suni K\u00fcrk kuma\u015flar, y\u00fcksek havl\u0131 ipliklerle uzun bir hava sahiptir.\u00a0 \u00a0 \u00a0 \u00a0 \u00a0 \u00a0 \u00a0 \u00a0 \u00a0 \u00a0 \u00a0 \u00a0 \u00a0 \u00a0 \u00a0 \u00a0 \u00a0 \u00a0 \u00a0 \u00a0 \u00a0 \u00a0 \u00a0 \u00a0 \u00a0 \u00a0 \u00a0 \u00a0 \u00a0 \u00a0 \u00a0 \u00a0 \u00a0 \u00a0 \u00a0 \u00a0 \u00a0 \u00a0 \u00a0 \u00a0 \u00a0 Bu ipliklerin bir k\u0131sm\u0131, Suni K\u00fcrk d\u00f6\u015femenizi \/ yast\u0131klar\u0131n\u0131z\u0131 ilk ald\u0131\u011f\u0131n\u0131zda ve kulland\u0131\u011f\u0131n\u0131zda taban kuma\u015f\u0131ndan gev\u015feyecek ve \u201cd\u00f6k\u00fclecektir\u201d.\u00a0 \u00a0 \u00a0 \u00a0 \u00a0 \u00a0 \u00a0 \u00a0 \u00a0 \u00a0 \u00a0 \u00a0 \u00a0 \u00a0 \u00a0 \u00a0 \u00a0 \u00a0 \u00a0 \u00a0 \u00a0 \u00a0 \u00a0 \u00a0 \u00a0 \u00a0 \u00a0 \u00a0 \u00a0 \u00a0 \u00a0 \u00a0 \u00a0 \u00a0 \u00a0 \u00a0 \u00a0 \u00a0 \u00a0 \u00a0 \u00a0 \u00a0 \u00a0 \u00a0 \u00a0 \u00a0 \u00a0 \u00a0 \u00a0 \u00a0 \u00a0 \u00a0 \u00a0 \u00a0 \u00a0 \u00a0 \u00a0 \u00a0 \u00a0 \u00a0 \u00a0 \u00a0 \u00a0 \u00a0 \u00a0 \u00a0 \u00a0 \u00a0 \u00a0 \u00a0 \u00a0 \u00a0 \u00a0 \u00a0 \u00a0 \u00a0 Bu normal ve yayg\u0131nd\u0131r.<br \/>\nSahip oldu\u011funuz ilk birka\u00e7 hafta boyunca gev\u015fek lifleri \u00e7\u0131karmak i\u00e7in Suni K\u00fcrk\u00fcn\u00fcz\u00fc hafif\u00e7e vakumlay\u0131n veya<br \/>\nf\u0131r\u00e7alay\u0131n.<br \/>\nKAD\u0130FE KUMA\u015eLARLA \u0130LG\u0130L\u0130 \u00d6NEML\u0130 BAKIM DUYURUSU:<br \/>\nKadife d\u00f6\u015femelik kuma\u015flardaki uzun t\u00fcyl\u00fc ipliklerin \u00f6zellikle kullan\u0131m s\u0131ras\u0131nda d\u00fczle\u015fti\u011fi bilinir, ancak profesyonel temizleyiciler taraf\u0131ndan kullan\u0131lan bir teknik olan nemli kabartma ve f\u0131r\u00e7alamaya iyi yan\u0131t verir. Yukar\u0131da belirtilen 3 nokta, kadife kuma\u015flar\u0131 korumak i\u00e7in iyi \u00e7al\u0131\u015facakt\u0131r.<br \/>\nY\u00dcKSEK T\u00dcYL\u00dc KUMA\u015eLARLA \u0130LG\u0130L\u0130 \u00d6NEML\u0130 BAKIM B\u0130LD\u0130R\u0130M\u0130:<br \/>\nD\u00f6\u015femenizi haftada bir kez bir f\u0131r\u00e7a aparat\u0131 ile s\u00fcp\u00fcr\u00fcn.\u00a0 \u00a0 \u00a0 \u00a0 \u00a0 \u00a0 \u00a0 \u00a0 \u00a0 \u00a0 \u00a0 \u00a0 \u00a0 \u00a0 \u00a0 \u00a0 \u00a0 \u00a0 \u00a0 \u00a0 \u00a0 \u00a0 \u00a0 \u00a0 \u00a0 \u00a0 \u00a0 \u00a0 \u00a0 \u00a0 \u00a0 \u00a0 \u00a0 \u00a0 \u00a0 \u00a0 \u00a0 \u00a0 \u00a0 \u00a0 \u00a0 \u00a0 \u00a0 \u00a0 \u00a0 \u00a0 D\u00f6\u015femeyi \u0131s\u0131dan ve nemden uzak tutun ve d\u00f6\u015femeyi asla do\u011frudan g\u00fcne\u015f \u0131\u015f\u0131\u011f\u0131na maruz b\u0131rakmay\u0131n, \u00e7\u00fcnk\u00fc solma<br \/>\nve renk atmalar\u0131 meydana gelebilir.\u00a0 \u00a0 \u00a0 \u00a0 \u00a0 \u00a0 \u00a0 \u00a0 \u00a0 \u00a0 \u00a0 \u00a0 \u00a0 \u00a0 \u00a0 \u00a0 \u00a0 \u00a0 \u00a0 \u00a0 \u00a0 \u00a0 \u00a0 \u00a0 \u00a0 \u00a0 \u00a0 \u00a0 \u00a0 \u00a0 \u00a0 \u00a0 \u00a0 \u00a0 \u00a0 \u00a0 \u00a0 \u00a0 \u00a0 \u00a0 \u00a0 \u00a0 \u00a0 \u00a0 \u00a0 \u00a0 \u00a0 \u00a0 \u00a0 \u00a0 \u00a0 \u00a0 \u00a0 \u00a0 \u00a0 \u00a0 \u00a0 \u00a0 \u00a0 \u00a0 \u00a0 \u00a0 \u00a0 \u00a0 D\u00f6\u015femenize bir \u015fey d\u00f6k\u00fcld\u00fcyse, fazla s\u0131v\u0131y\u0131 emmek i\u00e7in temiz ve s\u00fcper emici bir bez veya ka\u011f\u0131t havlu kullan\u0131n.<br \/>\nS\u0131v\u0131y\u0131 y\u00fcksek havl\u0131 liflere do\u011fru daha derine itecek d\u00f6k\u00fcnt\u00fcy\u00fc asla ovalamay\u0131n ; bunun yerine s\u0131v\u0131 emilene kadar<br \/>\nbezi yerinde b\u0131rak\u0131n; daha sonra havayla kurumaya b\u0131rak\u0131n ve elyaflar\u0131 kabartmak i\u00e7in \u015fekerlemeye kar\u015f\u0131 f\u0131r\u00e7alay\u0131n.<br \/>\nD\u00f6\u015femenizi y\u0131lda bir kez profesyonelce temizleyin.<\/p>\n","protected":false},"excerpt":{"rendered":"<p>611AC0000473 V\u0130LLA CHER\u0130E KOLSUZ SANDALYE KREM 71x56x99cm N9008003-134 PRJ Sandalyeler buzlu ketenle kaplanm\u0131\u015ft\u0131r. S\u0131rtta dikey kanal p\u00fcsk\u00fcl\u00fc ve sandalyenin d\u0131\u015f\u0131nda halka vurgusu bulunur. \u00c7er\u00e7eve ve kol\u00e7aklar Chardonnay ile tasarland\u0131. Sandalye\u2019nin konik \u00f6n ayaklar\u0131 Chardonnay kaplamad\u0131r ve \u00e7apraz ip motiflerine sahiptir. Y\u00dcKSEK HAVLI D\u00d6\u015eEMEL\u0130K KUMA\u015eLARIN BAKIMI VE \u00d6NER\u0130LER AICO, d\u00f6\u015femeli \u00fcr\u00fcnlerde yaln\u0131zca en iyi kuma\u015flar\u0131 kullan\u0131r. [&hellip;]<\/p>\n","protected":false},"featured_media":614,"template":"","meta":[],"product_brand":[],"product_cat":[42],"product_tag":[105],"class_list":{"0":"post-613","1":"product","2":"type-product","3":"status-publish","4":"has-post-thumbnail","6":"product_cat-611ac","7":"product_tag-611ac0000473","9":"first","10":"instock","11":"taxable","12":"shipping-taxable","13":"product-type-simple"},"_links":{"self":[{"href":"https:\/\/kervanmagazacilik.com\/index.php\/wp-json\/wp\/v2\/product\/613","targetHints":{"allow":["GET"]}}],"collection":[{"href":"https:\/\/kervanmagazacilik.com\/index.php\/wp-json\/wp\/v2\/product"}],"about":[{"href":"https:\/\/kervanmagazacilik.com\/index.php\/wp-json\/wp\/v2\/types\/product"}],"wp:featuredmedia":[{"embeddable":true,"href":"https:\/\/kervanmagazacilik.com\/index.php\/wp-json\/wp\/v2\/media\/614"}],"wp:attachment":[{"href":"https:\/\/kervanmagazacilik.com\/index.php\/wp-json\/wp\/v2\/media?parent=613"}],"wp:term":[{"taxonomy":"product_brand","embeddable":true,"href":"https:\/\/kervanmagazacilik.com\/index.php\/wp-json\/wp\/v2\/product_brand?post=613"},{"taxonomy":"product_cat","embeddable":true,"href":"https:\/\/kervanmagazacilik.com\/index.php\/wp-json\/wp\/v2\/product_cat?post=613"},{"taxonomy":"product_tag","embeddable":true,"href":"https:\/\/kervanmagazacilik.com\/index.php\/wp-json\/wp\/v2\/product_tag?post=613"}],"curies":[{"name":"wp","href":"https:\/\/api.w.org\/{rel}","templated":true}]}}