{"id":6119,"date":"2024-09-22T13:01:04","date_gmt":"2024-09-22T10:01:04","guid":{"rendered":"https:\/\/kervanmagazacilik.com\/?post_type=product&#038;p=6119"},"modified":"2024-09-22T13:01:04","modified_gmt":"2024-09-22T10:01:04","slug":"611ac0000363","status":"publish","type":"product","link":"https:\/\/kervanmagazacilik.com\/index.php\/urun\/611ac0000363\/","title":{"rendered":"611AC0000363"},"content":{"rendered":"<p>611AC0000363<\/p>\n<p>V\u0130LLA CHER\u0130E TEKL\u0130 KOLTUK KAHVE 78x91x97cm N9008834-410 PRJ<\/p>\n","protected":false},"excerpt":{"rendered":"<p>611AC0000363 V\u0130LLA CHER\u0130E TEKL\u0130 KOLTUK KAHVE 78x91x97cm N9008834-410 PRJ<\/p>\n","protected":false},"featured_media":6120,"template":"","meta":[],"product_brand":[],"product_cat":[42],"product_tag":[1423],"class_list":{"0":"post-6119","1":"product","2":"type-product","3":"status-publish","4":"has-post-thumbnail","6":"product_cat-611ac","7":"product_tag-611ac0000363","9":"first","10":"instock","11":"taxable","12":"shipping-taxable","13":"product-type-simple"},"_links":{"self":[{"href":"https:\/\/kervanmagazacilik.com\/index.php\/wp-json\/wp\/v2\/product\/6119","targetHints":{"allow":["GET"]}}],"collection":[{"href":"https:\/\/kervanmagazacilik.com\/index.php\/wp-json\/wp\/v2\/product"}],"about":[{"href":"https:\/\/kervanmagazacilik.com\/index.php\/wp-json\/wp\/v2\/types\/product"}],"wp:featuredmedia":[{"embeddable":true,"href":"https:\/\/kervanmagazacilik.com\/index.php\/wp-json\/wp\/v2\/media\/6120"}],"wp:attachment":[{"href":"https:\/\/kervanmagazacilik.com\/index.php\/wp-json\/wp\/v2\/media?parent=6119"}],"wp:term":[{"taxonomy":"product_brand","embeddable":true,"href":"https:\/\/kervanmagazacilik.com\/index.php\/wp-json\/wp\/v2\/product_brand?post=6119"},{"taxonomy":"product_cat","embeddable":true,"href":"https:\/\/kervanmagazacilik.com\/index.php\/wp-json\/wp\/v2\/product_cat?post=6119"},{"taxonomy":"product_tag","embeddable":true,"href":"https:\/\/kervanmagazacilik.com\/index.php\/wp-json\/wp\/v2\/product_tag?post=6119"}],"curies":[{"name":"wp","href":"https:\/\/api.w.org\/{rel}","templated":true}]}}