{"id":6065,"date":"2024-09-22T12:45:09","date_gmt":"2024-09-22T09:45:09","guid":{"rendered":"https:\/\/kervanmagazacilik.com\/?post_type=product&#038;p=6065"},"modified":"2024-09-22T12:45:10","modified_gmt":"2024-09-22T09:45:10","slug":"611ac0000346","status":"publish","type":"product","link":"https:\/\/kervanmagazacilik.com\/index.php\/urun\/611ac0000346\/","title":{"rendered":"611AC0000346"},"content":{"rendered":"<p>611AC0000346<\/p>\n<p>MALIBU CREST \u015e\u0130FONYER KREM 6 \u00c7EK 2 KAP 45x53x184cm N9007062-131 PRJ<\/p>\n<p>&nbsp;<\/p>\n","protected":false},"excerpt":{"rendered":"<p>611AC0000346 MALIBU CREST \u015e\u0130FONYER KREM 6 \u00c7EK 2 KAP 45x53x184cm N9007062-131 PRJ &nbsp;<\/p>\n","protected":false},"featured_media":6066,"template":"","meta":[],"product_brand":[],"product_cat":[42],"product_tag":[1419],"class_list":{"0":"post-6065","1":"product","2":"type-product","3":"status-publish","4":"has-post-thumbnail","6":"product_cat-611ac","7":"product_tag-611ac0000346","9":"first","10":"instock","11":"taxable","12":"shipping-taxable","13":"product-type-simple"},"_links":{"self":[{"href":"https:\/\/kervanmagazacilik.com\/index.php\/wp-json\/wp\/v2\/product\/6065","targetHints":{"allow":["GET"]}}],"collection":[{"href":"https:\/\/kervanmagazacilik.com\/index.php\/wp-json\/wp\/v2\/product"}],"about":[{"href":"https:\/\/kervanmagazacilik.com\/index.php\/wp-json\/wp\/v2\/types\/product"}],"wp:featuredmedia":[{"embeddable":true,"href":"https:\/\/kervanmagazacilik.com\/index.php\/wp-json\/wp\/v2\/media\/6066"}],"wp:attachment":[{"href":"https:\/\/kervanmagazacilik.com\/index.php\/wp-json\/wp\/v2\/media?parent=6065"}],"wp:term":[{"taxonomy":"product_brand","embeddable":true,"href":"https:\/\/kervanmagazacilik.com\/index.php\/wp-json\/wp\/v2\/product_brand?post=6065"},{"taxonomy":"product_cat","embeddable":true,"href":"https:\/\/kervanmagazacilik.com\/index.php\/wp-json\/wp\/v2\/product_cat?post=6065"},{"taxonomy":"product_tag","embeddable":true,"href":"https:\/\/kervanmagazacilik.com\/index.php\/wp-json\/wp\/v2\/product_tag?post=6065"}],"curies":[{"name":"wp","href":"https:\/\/api.w.org\/{rel}","templated":true}]}}