{"id":5800,"date":"2024-09-21T18:59:58","date_gmt":"2024-09-21T15:59:58","guid":{"rendered":"https:\/\/kervanmagazacilik.com\/?post_type=product&#038;p=5800"},"modified":"2024-09-21T18:59:58","modified_gmt":"2024-09-21T15:59:58","slug":"611yon000010","status":"publish","type":"product","link":"https:\/\/kervanmagazacilik.com\/index.php\/urun\/611yon000010\/","title":{"rendered":"611YON000010"},"content":{"rendered":"<p>611YON000010<\/p>\n<p>YONCA FERFORJE DAYBED 120x200cm BEYAZ YSF91048<\/p>\n<p>DI\u015e \u00d6L\u00c7\u00dc : 130x210cm<\/p>\n<p>\u0130\u00c7 YATAK \u00d6L\u00c7\u00dcS\u00dc 120&#215;200 cm<\/p>\n<p>\u00c7\u0130N&#8217;DE \u00dcRET\u0130LM\u0130\u015eT\u0130R<\/p>\n<p>TA\u015eIMA KAPAS\u0130TES\u0130 : 200 KG<\/p>\n","protected":false},"excerpt":{"rendered":"<p>611YON000010 YONCA FERFORJE DAYBED 120x200cm BEYAZ YSF91048 DI\u015e \u00d6L\u00c7\u00dc : 130x210cm \u0130\u00c7 YATAK \u00d6L\u00c7\u00dcS\u00dc 120&#215;200 cm \u00c7\u0130N&#8217;DE \u00dcRET\u0130LM\u0130\u015eT\u0130R TA\u015eIMA KAPAS\u0130TES\u0130 : 200 KG<\/p>\n","protected":false},"featured_media":5801,"template":"","meta":[],"product_brand":[],"product_cat":[110],"product_tag":[1366],"class_list":{"0":"post-5800","1":"product","2":"type-product","3":"status-publish","4":"has-post-thumbnail","6":"product_cat-611yon","7":"product_tag-611yon000010","9":"first","10":"instock","11":"taxable","12":"shipping-taxable","13":"product-type-simple"},"_links":{"self":[{"href":"https:\/\/kervanmagazacilik.com\/index.php\/wp-json\/wp\/v2\/product\/5800","targetHints":{"allow":["GET"]}}],"collection":[{"href":"https:\/\/kervanmagazacilik.com\/index.php\/wp-json\/wp\/v2\/product"}],"about":[{"href":"https:\/\/kervanmagazacilik.com\/index.php\/wp-json\/wp\/v2\/types\/product"}],"wp:featuredmedia":[{"embeddable":true,"href":"https:\/\/kervanmagazacilik.com\/index.php\/wp-json\/wp\/v2\/media\/5801"}],"wp:attachment":[{"href":"https:\/\/kervanmagazacilik.com\/index.php\/wp-json\/wp\/v2\/media?parent=5800"}],"wp:term":[{"taxonomy":"product_brand","embeddable":true,"href":"https:\/\/kervanmagazacilik.com\/index.php\/wp-json\/wp\/v2\/product_brand?post=5800"},{"taxonomy":"product_cat","embeddable":true,"href":"https:\/\/kervanmagazacilik.com\/index.php\/wp-json\/wp\/v2\/product_cat?post=5800"},{"taxonomy":"product_tag","embeddable":true,"href":"https:\/\/kervanmagazacilik.com\/index.php\/wp-json\/wp\/v2\/product_tag?post=5800"}],"curies":[{"name":"wp","href":"https:\/\/api.w.org\/{rel}","templated":true}]}}