{"id":5795,"date":"2024-09-21T18:57:38","date_gmt":"2024-09-21T15:57:38","guid":{"rendered":"https:\/\/kervanmagazacilik.com\/?post_type=product&#038;p=5795"},"modified":"2024-09-21T19:05:40","modified_gmt":"2024-09-21T16:05:40","slug":"611yon000002","status":"publish","type":"product","link":"https:\/\/kervanmagazacilik.com\/index.php\/urun\/611yon000002\/","title":{"rendered":"611YON000002"},"content":{"rendered":"<p>611YON000002<\/p>\n<p>YONCA FERFORJE YATAK 160x200cm BEYAZ YSF91048<\/p>\n<p>DI\u015e \u00d6L\u00c7\u00dc : 170x210cm<\/p>\n<p>\u00c7\u0130N&#8217;DE \u00dcRET\u0130LM\u0130\u015eT\u0130R<\/p>\n<p>TA\u015eIMA KAPAS\u0130TES\u0130 : 220 KG<\/p>\n","protected":false},"excerpt":{"rendered":"<p>611YON000002 YONCA FERFORJE YATAK 160x200cm BEYAZ YSF91048 DI\u015e \u00d6L\u00c7\u00dc : 170x210cm \u00c7\u0130N&#8217;DE \u00dcRET\u0130LM\u0130\u015eT\u0130R TA\u015eIMA KAPAS\u0130TES\u0130 : 220 KG<\/p>\n","protected":false},"featured_media":5808,"template":"","meta":[],"product_brand":[],"product_cat":[110],"product_tag":[1364],"class_list":{"0":"post-5795","1":"product","2":"type-product","3":"status-publish","4":"has-post-thumbnail","6":"product_cat-611yon","7":"product_tag-611yon000002","9":"first","10":"instock","11":"taxable","12":"shipping-taxable","13":"product-type-simple"},"_links":{"self":[{"href":"https:\/\/kervanmagazacilik.com\/index.php\/wp-json\/wp\/v2\/product\/5795","targetHints":{"allow":["GET"]}}],"collection":[{"href":"https:\/\/kervanmagazacilik.com\/index.php\/wp-json\/wp\/v2\/product"}],"about":[{"href":"https:\/\/kervanmagazacilik.com\/index.php\/wp-json\/wp\/v2\/types\/product"}],"wp:featuredmedia":[{"embeddable":true,"href":"https:\/\/kervanmagazacilik.com\/index.php\/wp-json\/wp\/v2\/media\/5808"}],"wp:attachment":[{"href":"https:\/\/kervanmagazacilik.com\/index.php\/wp-json\/wp\/v2\/media?parent=5795"}],"wp:term":[{"taxonomy":"product_brand","embeddable":true,"href":"https:\/\/kervanmagazacilik.com\/index.php\/wp-json\/wp\/v2\/product_brand?post=5795"},{"taxonomy":"product_cat","embeddable":true,"href":"https:\/\/kervanmagazacilik.com\/index.php\/wp-json\/wp\/v2\/product_cat?post=5795"},{"taxonomy":"product_tag","embeddable":true,"href":"https:\/\/kervanmagazacilik.com\/index.php\/wp-json\/wp\/v2\/product_tag?post=5795"}],"curies":[{"name":"wp","href":"https:\/\/api.w.org\/{rel}","templated":true}]}}