{"id":5730,"date":"2024-09-21T18:25:12","date_gmt":"2024-09-21T15:25:12","guid":{"rendered":"https:\/\/kervanmagazacilik.com\/?post_type=product&#038;p=5730"},"modified":"2024-09-21T18:25:12","modified_gmt":"2024-09-21T15:25:12","slug":"611vsb000019","status":"publish","type":"product","link":"https:\/\/kervanmagazacilik.com\/index.php\/urun\/611vsb000019\/","title":{"rendered":"611VSB000019"},"content":{"rendered":"<p>611VSB000019<\/p>\n<p>SP\u0130DER KOLLU SANDALYE 75x90x110cm NEW 23 &#8211; 079<\/p>\n<p>Yaln\u0131zca i\u00e7 mekan i\u00e7in kullan\u0131ma uygundur.F\u0131r\u00e7a veya hafif nemli bir bez yard\u0131m\u0131yla temizlenmelidir.<br \/>\nZaman i\u00e7erisinde parlakl\u0131\u011f\u0131n\u0131 yitirmesi durumunda 800&#8217;l\u00fck z\u0131mpara ka\u011f\u0131d\u0131 ile z\u0131mparalan\u0131p Tik A\u011fac\u0131 ya\u011f\u0131 ile parlat\u0131labilmektedir<\/p>\n","protected":false},"excerpt":{"rendered":"<p>611VSB000019 SP\u0130DER KOLLU SANDALYE 75x90x110cm NEW 23 &#8211; 079 Yaln\u0131zca i\u00e7 mekan i\u00e7in kullan\u0131ma uygundur.F\u0131r\u00e7a veya hafif nemli bir bez yard\u0131m\u0131yla temizlenmelidir. Zaman i\u00e7erisinde parlakl\u0131\u011f\u0131n\u0131 yitirmesi durumunda 800&#8217;l\u00fck z\u0131mpara ka\u011f\u0131d\u0131 ile z\u0131mparalan\u0131p Tik A\u011fac\u0131 ya\u011f\u0131 ile parlat\u0131labilmektedir<\/p>\n","protected":false},"featured_media":5731,"template":"","meta":[],"product_brand":[],"product_cat":[1326],"product_tag":[1345],"class_list":{"0":"post-5730","1":"product","2":"type-product","3":"status-publish","4":"has-post-thumbnail","6":"product_cat-611vsb-759vsb","7":"product_tag-611vsb000019","9":"first","10":"instock","11":"taxable","12":"shipping-taxable","13":"product-type-simple"},"_links":{"self":[{"href":"https:\/\/kervanmagazacilik.com\/index.php\/wp-json\/wp\/v2\/product\/5730","targetHints":{"allow":["GET"]}}],"collection":[{"href":"https:\/\/kervanmagazacilik.com\/index.php\/wp-json\/wp\/v2\/product"}],"about":[{"href":"https:\/\/kervanmagazacilik.com\/index.php\/wp-json\/wp\/v2\/types\/product"}],"wp:featuredmedia":[{"embeddable":true,"href":"https:\/\/kervanmagazacilik.com\/index.php\/wp-json\/wp\/v2\/media\/5731"}],"wp:attachment":[{"href":"https:\/\/kervanmagazacilik.com\/index.php\/wp-json\/wp\/v2\/media?parent=5730"}],"wp:term":[{"taxonomy":"product_brand","embeddable":true,"href":"https:\/\/kervanmagazacilik.com\/index.php\/wp-json\/wp\/v2\/product_brand?post=5730"},{"taxonomy":"product_cat","embeddable":true,"href":"https:\/\/kervanmagazacilik.com\/index.php\/wp-json\/wp\/v2\/product_cat?post=5730"},{"taxonomy":"product_tag","embeddable":true,"href":"https:\/\/kervanmagazacilik.com\/index.php\/wp-json\/wp\/v2\/product_tag?post=5730"}],"curies":[{"name":"wp","href":"https:\/\/api.w.org\/{rel}","templated":true}]}}