{"id":5696,"date":"2024-09-21T17:51:55","date_gmt":"2024-09-21T14:51:55","guid":{"rendered":"https:\/\/kervanmagazacilik.com\/?post_type=product&#038;p=5696"},"modified":"2024-09-21T17:51:55","modified_gmt":"2024-09-21T14:51:55","slug":"611vsb000009","status":"publish","type":"product","link":"https:\/\/kervanmagazacilik.com\/index.php\/urun\/611vsb000009\/","title":{"rendered":"611VSB000009"},"content":{"rendered":"<p>611VSB000009<\/p>\n<p>AH\u015eAP TIRNAK 45x130x80cm NEW 23 &#8211; 196 S<\/p>\n<p>Yaln\u0131zca i\u00e7 mekan i\u00e7in kullan\u0131ma uygundur.F\u0131r\u00e7a veya hafif nemli bir bez yard\u0131m\u0131yla temizlenmelidir.<br \/>\nZaman i\u00e7erisinde parlakl\u0131\u011f\u0131n\u0131 yitirmesi durumunda 800&#8217;l\u00fck z\u0131mpara ka\u011f\u0131d\u0131 ile z\u0131mparalan\u0131p Tik A\u011fac\u0131 ya\u011f\u0131 ile parlat\u0131labilmektedir<\/p>\n","protected":false},"excerpt":{"rendered":"<p>611VSB000009 AH\u015eAP TIRNAK 45x130x80cm NEW 23 &#8211; 196 S Yaln\u0131zca i\u00e7 mekan i\u00e7in kullan\u0131ma uygundur.F\u0131r\u00e7a veya hafif nemli bir bez yard\u0131m\u0131yla temizlenmelidir. Zaman i\u00e7erisinde parlakl\u0131\u011f\u0131n\u0131 yitirmesi durumunda 800&#8217;l\u00fck z\u0131mpara ka\u011f\u0131d\u0131 ile z\u0131mparalan\u0131p Tik A\u011fac\u0131 ya\u011f\u0131 ile parlat\u0131labilmektedir<\/p>\n","protected":false},"featured_media":5697,"template":"","meta":[],"product_brand":[],"product_cat":[1326],"product_tag":[1335],"class_list":{"0":"post-5696","1":"product","2":"type-product","3":"status-publish","4":"has-post-thumbnail","6":"product_cat-611vsb-759vsb","7":"product_tag-611vsb000009","9":"first","10":"instock","11":"taxable","12":"shipping-taxable","13":"product-type-simple"},"_links":{"self":[{"href":"https:\/\/kervanmagazacilik.com\/index.php\/wp-json\/wp\/v2\/product\/5696","targetHints":{"allow":["GET"]}}],"collection":[{"href":"https:\/\/kervanmagazacilik.com\/index.php\/wp-json\/wp\/v2\/product"}],"about":[{"href":"https:\/\/kervanmagazacilik.com\/index.php\/wp-json\/wp\/v2\/types\/product"}],"wp:featuredmedia":[{"embeddable":true,"href":"https:\/\/kervanmagazacilik.com\/index.php\/wp-json\/wp\/v2\/media\/5697"}],"wp:attachment":[{"href":"https:\/\/kervanmagazacilik.com\/index.php\/wp-json\/wp\/v2\/media?parent=5696"}],"wp:term":[{"taxonomy":"product_brand","embeddable":true,"href":"https:\/\/kervanmagazacilik.com\/index.php\/wp-json\/wp\/v2\/product_brand?post=5696"},{"taxonomy":"product_cat","embeddable":true,"href":"https:\/\/kervanmagazacilik.com\/index.php\/wp-json\/wp\/v2\/product_cat?post=5696"},{"taxonomy":"product_tag","embeddable":true,"href":"https:\/\/kervanmagazacilik.com\/index.php\/wp-json\/wp\/v2\/product_tag?post=5696"}],"curies":[{"name":"wp","href":"https:\/\/api.w.org\/{rel}","templated":true}]}}