{"id":5680,"date":"2024-09-21T17:43:15","date_gmt":"2024-09-21T14:43:15","guid":{"rendered":"https:\/\/kervanmagazacilik.com\/?post_type=product&#038;p=5680"},"modified":"2024-09-21T17:43:15","modified_gmt":"2024-09-21T14:43:15","slug":"611vsb000003","status":"publish","type":"product","link":"https:\/\/kervanmagazacilik.com\/index.php\/urun\/611vsb000003\/","title":{"rendered":"611VSB000003"},"content":{"rendered":"<p>611VSB000003<\/p>\n<p>TA\u015e EVYE KREM MERMER 50x40x15cm<\/p>\n<p>\u0130\u00e7 ve D\u0131\u015f mekan i\u00e7in kullan\u0131ma uygundur. &amp; Indoor F\u0131r\u00e7a veya hafif nemli bir bez yard\u0131m\u0131yla veya bas\u0131n\u00e7l\u0131 su yard\u0131m\u0131yla temizlenebilmektedir.<\/p>\n","protected":false},"excerpt":{"rendered":"<p>611VSB000003 TA\u015e EVYE KREM MERMER 50x40x15cm \u0130\u00e7 ve D\u0131\u015f mekan i\u00e7in kullan\u0131ma uygundur. &amp; Indoor F\u0131r\u00e7a veya hafif nemli bir bez yard\u0131m\u0131yla veya bas\u0131n\u00e7l\u0131 su yard\u0131m\u0131yla temizlenebilmektedir.<\/p>\n","protected":false},"featured_media":5681,"template":"","meta":[],"product_brand":[],"product_cat":[1326],"product_tag":[1329],"class_list":{"0":"post-5680","1":"product","2":"type-product","3":"status-publish","4":"has-post-thumbnail","6":"product_cat-611vsb-759vsb","7":"product_tag-611vsb000003","9":"first","10":"instock","11":"taxable","12":"shipping-taxable","13":"product-type-simple"},"_links":{"self":[{"href":"https:\/\/kervanmagazacilik.com\/index.php\/wp-json\/wp\/v2\/product\/5680","targetHints":{"allow":["GET"]}}],"collection":[{"href":"https:\/\/kervanmagazacilik.com\/index.php\/wp-json\/wp\/v2\/product"}],"about":[{"href":"https:\/\/kervanmagazacilik.com\/index.php\/wp-json\/wp\/v2\/types\/product"}],"wp:featuredmedia":[{"embeddable":true,"href":"https:\/\/kervanmagazacilik.com\/index.php\/wp-json\/wp\/v2\/media\/5681"}],"wp:attachment":[{"href":"https:\/\/kervanmagazacilik.com\/index.php\/wp-json\/wp\/v2\/media?parent=5680"}],"wp:term":[{"taxonomy":"product_brand","embeddable":true,"href":"https:\/\/kervanmagazacilik.com\/index.php\/wp-json\/wp\/v2\/product_brand?post=5680"},{"taxonomy":"product_cat","embeddable":true,"href":"https:\/\/kervanmagazacilik.com\/index.php\/wp-json\/wp\/v2\/product_cat?post=5680"},{"taxonomy":"product_tag","embeddable":true,"href":"https:\/\/kervanmagazacilik.com\/index.php\/wp-json\/wp\/v2\/product_tag?post=5680"}],"curies":[{"name":"wp","href":"https:\/\/api.w.org\/{rel}","templated":true}]}}