{"id":5648,"date":"2024-09-21T17:24:16","date_gmt":"2024-09-21T14:24:16","guid":{"rendered":"https:\/\/kervanmagazacilik.com\/?post_type=product&#038;p=5648"},"modified":"2024-09-21T17:24:17","modified_gmt":"2024-09-21T14:24:17","slug":"611vs0000004","status":"publish","type":"product","link":"https:\/\/kervanmagazacilik.com\/index.php\/urun\/611vs0000004\/","title":{"rendered":"611VS0000004"},"content":{"rendered":"<p>611VS0000004<\/p>\n<p>VISI BERJER KAHVE 85x82x80 (BOX 16055)<\/p>\n<p>Ta\u015f\u0131y\u0131c\u0131 profil iskeletler G\u00fcrgen a\u011fac\u0131<\/p>\n<p>%47 PES &#8211; %53 POLIPROPILEN<\/p>\n<p>SADECE KURU TEM\u0130ZLEME YAPILMALIDIR.<\/p>\n","protected":false},"excerpt":{"rendered":"<p>611VS0000004 VISI BERJER KAHVE 85x82x80 (BOX 16055) Ta\u015f\u0131y\u0131c\u0131 profil iskeletler G\u00fcrgen a\u011fac\u0131 %47 PES &#8211; %53 POLIPROPILEN SADECE KURU TEM\u0130ZLEME YAPILMALIDIR.<\/p>\n","protected":false},"featured_media":5649,"template":"","meta":[],"product_brand":[],"product_cat":[1316],"product_tag":[1320],"class_list":{"0":"post-5648","1":"product","2":"type-product","3":"status-publish","4":"has-post-thumbnail","6":"product_cat-611vs","7":"product_tag-611vs0000004","9":"first","10":"instock","11":"taxable","12":"shipping-taxable","13":"product-type-simple"},"_links":{"self":[{"href":"https:\/\/kervanmagazacilik.com\/index.php\/wp-json\/wp\/v2\/product\/5648","targetHints":{"allow":["GET"]}}],"collection":[{"href":"https:\/\/kervanmagazacilik.com\/index.php\/wp-json\/wp\/v2\/product"}],"about":[{"href":"https:\/\/kervanmagazacilik.com\/index.php\/wp-json\/wp\/v2\/types\/product"}],"wp:featuredmedia":[{"embeddable":true,"href":"https:\/\/kervanmagazacilik.com\/index.php\/wp-json\/wp\/v2\/media\/5649"}],"wp:attachment":[{"href":"https:\/\/kervanmagazacilik.com\/index.php\/wp-json\/wp\/v2\/media?parent=5648"}],"wp:term":[{"taxonomy":"product_brand","embeddable":true,"href":"https:\/\/kervanmagazacilik.com\/index.php\/wp-json\/wp\/v2\/product_brand?post=5648"},{"taxonomy":"product_cat","embeddable":true,"href":"https:\/\/kervanmagazacilik.com\/index.php\/wp-json\/wp\/v2\/product_cat?post=5648"},{"taxonomy":"product_tag","embeddable":true,"href":"https:\/\/kervanmagazacilik.com\/index.php\/wp-json\/wp\/v2\/product_tag?post=5648"}],"curies":[{"name":"wp","href":"https:\/\/api.w.org\/{rel}","templated":true}]}}