{"id":5491,"date":"2024-09-21T16:11:19","date_gmt":"2024-09-21T13:11:19","guid":{"rendered":"https:\/\/kervanmagazacilik.com\/?post_type=product&#038;p=5491"},"modified":"2024-09-21T16:11:19","modified_gmt":"2024-09-21T13:11:19","slug":"611vil000120","status":"publish","type":"product","link":"https:\/\/kervanmagazacilik.com\/index.php\/urun\/611vil000120\/","title":{"rendered":"611VIL000120"},"content":{"rendered":"<p>611VIL000120<\/p>\n<p>ELBA V-1619 YATAK + 2 KOMODIN 180x200cm<\/p>\n<p>YATAK BA\u015eI Y\u00dcKSEKL\u0130\u011e\u0130 : 220cm<\/p>\n","protected":false},"excerpt":{"rendered":"<p>611VIL000120 ELBA V-1619 YATAK + 2 KOMODIN 180x200cm YATAK BA\u015eI Y\u00dcKSEKL\u0130\u011e\u0130 : 220cm<\/p>\n","protected":false},"featured_media":5492,"template":"","meta":[],"product_brand":[],"product_cat":[113],"product_tag":[1294],"class_list":{"0":"post-5491","1":"product","2":"type-product","3":"status-publish","4":"has-post-thumbnail","6":"product_cat-611vil","7":"product_tag-611vil000120","9":"first","10":"instock","11":"taxable","12":"shipping-taxable","13":"product-type-simple"},"_links":{"self":[{"href":"https:\/\/kervanmagazacilik.com\/index.php\/wp-json\/wp\/v2\/product\/5491","targetHints":{"allow":["GET"]}}],"collection":[{"href":"https:\/\/kervanmagazacilik.com\/index.php\/wp-json\/wp\/v2\/product"}],"about":[{"href":"https:\/\/kervanmagazacilik.com\/index.php\/wp-json\/wp\/v2\/types\/product"}],"wp:featuredmedia":[{"embeddable":true,"href":"https:\/\/kervanmagazacilik.com\/index.php\/wp-json\/wp\/v2\/media\/5492"}],"wp:attachment":[{"href":"https:\/\/kervanmagazacilik.com\/index.php\/wp-json\/wp\/v2\/media?parent=5491"}],"wp:term":[{"taxonomy":"product_brand","embeddable":true,"href":"https:\/\/kervanmagazacilik.com\/index.php\/wp-json\/wp\/v2\/product_brand?post=5491"},{"taxonomy":"product_cat","embeddable":true,"href":"https:\/\/kervanmagazacilik.com\/index.php\/wp-json\/wp\/v2\/product_cat?post=5491"},{"taxonomy":"product_tag","embeddable":true,"href":"https:\/\/kervanmagazacilik.com\/index.php\/wp-json\/wp\/v2\/product_tag?post=5491"}],"curies":[{"name":"wp","href":"https:\/\/api.w.org\/{rel}","templated":true}]}}