{"id":5468,"date":"2024-09-21T16:02:58","date_gmt":"2024-09-21T13:02:58","guid":{"rendered":"https:\/\/kervanmagazacilik.com\/?post_type=product&#038;p=5468"},"modified":"2024-09-21T16:02:58","modified_gmt":"2024-09-21T13:02:58","slug":"611vil000104","status":"publish","type":"product","link":"https:\/\/kervanmagazacilik.com\/index.php\/urun\/611vil000104\/","title":{"rendered":"611VIL000104"},"content":{"rendered":"<p>611VIL000104<\/p>\n<p>OASIS SAE-12 TIRNAK 120x35x77cm<\/p>\n<p>D\u0131\u015f mekan kullan\u0131m\u0131 i\u00e7in uygun de\u011fildir.Ya\u011fmura kar\u015f\u0131 korunmas\u0131 gerekmektedir.Kuru veya hafif nemli bir bez yard\u0131m\u0131 ile ah\u015fap y\u00fczeylerin temizli\u011fi yap\u0131lmal\u0131d\u0131r.<\/p>\n","protected":false},"excerpt":{"rendered":"<p>611VIL000104 OASIS SAE-12 TIRNAK 120x35x77cm D\u0131\u015f mekan kullan\u0131m\u0131 i\u00e7in uygun de\u011fildir.Ya\u011fmura kar\u015f\u0131 korunmas\u0131 gerekmektedir.Kuru veya hafif nemli bir bez yard\u0131m\u0131 ile ah\u015fap y\u00fczeylerin temizli\u011fi yap\u0131lmal\u0131d\u0131r.<\/p>\n","protected":false},"featured_media":5469,"template":"","meta":[],"product_brand":[],"product_cat":[113],"product_tag":[1289],"class_list":{"0":"post-5468","1":"product","2":"type-product","3":"status-publish","4":"has-post-thumbnail","6":"product_cat-611vil","7":"product_tag-611vil000104","9":"first","10":"instock","11":"taxable","12":"shipping-taxable","13":"product-type-simple"},"_links":{"self":[{"href":"https:\/\/kervanmagazacilik.com\/index.php\/wp-json\/wp\/v2\/product\/5468","targetHints":{"allow":["GET"]}}],"collection":[{"href":"https:\/\/kervanmagazacilik.com\/index.php\/wp-json\/wp\/v2\/product"}],"about":[{"href":"https:\/\/kervanmagazacilik.com\/index.php\/wp-json\/wp\/v2\/types\/product"}],"wp:featuredmedia":[{"embeddable":true,"href":"https:\/\/kervanmagazacilik.com\/index.php\/wp-json\/wp\/v2\/media\/5469"}],"wp:attachment":[{"href":"https:\/\/kervanmagazacilik.com\/index.php\/wp-json\/wp\/v2\/media?parent=5468"}],"wp:term":[{"taxonomy":"product_brand","embeddable":true,"href":"https:\/\/kervanmagazacilik.com\/index.php\/wp-json\/wp\/v2\/product_brand?post=5468"},{"taxonomy":"product_cat","embeddable":true,"href":"https:\/\/kervanmagazacilik.com\/index.php\/wp-json\/wp\/v2\/product_cat?post=5468"},{"taxonomy":"product_tag","embeddable":true,"href":"https:\/\/kervanmagazacilik.com\/index.php\/wp-json\/wp\/v2\/product_tag?post=5468"}],"curies":[{"name":"wp","href":"https:\/\/api.w.org\/{rel}","templated":true}]}}