{"id":5438,"date":"2024-09-21T15:45:39","date_gmt":"2024-09-21T12:45:39","guid":{"rendered":"https:\/\/kervanmagazacilik.com\/?post_type=product&#038;p=5438"},"modified":"2024-09-21T15:45:39","modified_gmt":"2024-09-21T12:45:39","slug":"611trp000021","status":"publish","type":"product","link":"https:\/\/kervanmagazacilik.com\/index.php\/urun\/611trp000021\/","title":{"rendered":"611TRP000021"},"content":{"rendered":"<p>611TRP000021<\/p>\n<p>YEMEK MASASI 120x120x80cm DT-RK23 #02<\/p>\n<p>Muz A\u011fac\u0131 Yapra\u011f\u0131<\/p>\n<p>*Gerekli g\u00f6r\u00fcld\u00fc\u011f\u00fc takdirde ah\u015fap alanlar\u0131 temizlemek i\u00e7in hafif nemli bir bez kullanarak nokta temizli\u011fi yap\u0131n, ard\u0131ndan hemen kurulay\u0131n.<br \/>\n*G\u00fc\u00e7l\u00fc temizlik maddeleri veya a\u015f\u0131nd\u0131r\u0131c\u0131lar kullanmay\u0131n.<br \/>\n*Direkt olarak g\u00fcne\u015f \u0131\u015f\u0131\u011f\u0131na, a\u015f\u0131r\u0131 s\u0131ca\u011fa veya so\u011fu\u011fa maruz b\u0131rakmay\u0131n.<\/p>\n","protected":false},"excerpt":{"rendered":"<p>611TRP000021 YEMEK MASASI 120x120x80cm DT-RK23 #02 Muz A\u011fac\u0131 Yapra\u011f\u0131 *Gerekli g\u00f6r\u00fcld\u00fc\u011f\u00fc takdirde ah\u015fap alanlar\u0131 temizlemek i\u00e7in hafif nemli bir bez kullanarak nokta temizli\u011fi yap\u0131n, ard\u0131ndan hemen kurulay\u0131n. *G\u00fc\u00e7l\u00fc temizlik maddeleri veya a\u015f\u0131nd\u0131r\u0131c\u0131lar kullanmay\u0131n. *Direkt olarak g\u00fcne\u015f \u0131\u015f\u0131\u011f\u0131na, a\u015f\u0131r\u0131 s\u0131ca\u011fa veya so\u011fu\u011fa maruz b\u0131rakmay\u0131n.<\/p>\n","protected":false},"featured_media":5439,"template":"","meta":[],"product_brand":[],"product_cat":[115],"product_tag":[1281],"class_list":{"0":"post-5438","1":"product","2":"type-product","3":"status-publish","4":"has-post-thumbnail","6":"product_cat-611trp","7":"product_tag-611trp000021","9":"first","10":"instock","11":"taxable","12":"shipping-taxable","13":"product-type-simple"},"_links":{"self":[{"href":"https:\/\/kervanmagazacilik.com\/index.php\/wp-json\/wp\/v2\/product\/5438","targetHints":{"allow":["GET"]}}],"collection":[{"href":"https:\/\/kervanmagazacilik.com\/index.php\/wp-json\/wp\/v2\/product"}],"about":[{"href":"https:\/\/kervanmagazacilik.com\/index.php\/wp-json\/wp\/v2\/types\/product"}],"wp:featuredmedia":[{"embeddable":true,"href":"https:\/\/kervanmagazacilik.com\/index.php\/wp-json\/wp\/v2\/media\/5439"}],"wp:attachment":[{"href":"https:\/\/kervanmagazacilik.com\/index.php\/wp-json\/wp\/v2\/media?parent=5438"}],"wp:term":[{"taxonomy":"product_brand","embeddable":true,"href":"https:\/\/kervanmagazacilik.com\/index.php\/wp-json\/wp\/v2\/product_brand?post=5438"},{"taxonomy":"product_cat","embeddable":true,"href":"https:\/\/kervanmagazacilik.com\/index.php\/wp-json\/wp\/v2\/product_cat?post=5438"},{"taxonomy":"product_tag","embeddable":true,"href":"https:\/\/kervanmagazacilik.com\/index.php\/wp-json\/wp\/v2\/product_tag?post=5438"}],"curies":[{"name":"wp","href":"https:\/\/api.w.org\/{rel}","templated":true}]}}