{"id":5409,"date":"2024-09-21T15:36:11","date_gmt":"2024-09-21T12:36:11","guid":{"rendered":"https:\/\/kervanmagazacilik.com\/?post_type=product&#038;p=5409"},"modified":"2024-09-21T15:36:11","modified_gmt":"2024-09-21T12:36:11","slug":"611trp000014","status":"publish","type":"product","link":"https:\/\/kervanmagazacilik.com\/index.php\/urun\/611trp000014\/","title":{"rendered":"611TRP000014"},"content":{"rendered":"<p>611TRP000014<\/p>\n<p>SANTIAGO \u015eARAPLIK 45x80x68cm CA &#8211; STG2380<\/p>\n<p>Geri D\u00f6n\u00fc\u015ft\u00fcr\u00fclm\u00fc\u015f Tik A\u011fac\u0131<\/p>\n<p>*Gerekli g\u00f6r\u00fcld\u00fc\u011f\u00fc takdirde ah\u015fap alanlar\u0131 temizlemek i\u00e7in hafif nemli bir bez kullanarak nokta temizli\u011fi yap\u0131n, ard\u0131ndan hemen kurulay\u0131n.<br \/>\n*G\u00fc\u00e7l\u00fc temizlik maddeleri veya a\u015f\u0131nd\u0131r\u0131c\u0131lar kullanmay\u0131n.<\/p>\n","protected":false},"excerpt":{"rendered":"<p>611TRP000014 SANTIAGO \u015eARAPLIK 45x80x68cm CA &#8211; STG2380 Geri D\u00f6n\u00fc\u015ft\u00fcr\u00fclm\u00fc\u015f Tik A\u011fac\u0131 *Gerekli g\u00f6r\u00fcld\u00fc\u011f\u00fc takdirde ah\u015fap alanlar\u0131 temizlemek i\u00e7in hafif nemli bir bez kullanarak nokta temizli\u011fi yap\u0131n, ard\u0131ndan hemen kurulay\u0131n. *G\u00fc\u00e7l\u00fc temizlik maddeleri veya a\u015f\u0131nd\u0131r\u0131c\u0131lar kullanmay\u0131n.<\/p>\n","protected":false},"featured_media":5410,"template":"","meta":[],"product_brand":[],"product_cat":[115],"product_tag":[1274],"class_list":{"0":"post-5409","1":"product","2":"type-product","3":"status-publish","4":"has-post-thumbnail","6":"product_cat-611trp","7":"product_tag-611trp000014","9":"first","10":"instock","11":"taxable","12":"shipping-taxable","13":"product-type-simple"},"_links":{"self":[{"href":"https:\/\/kervanmagazacilik.com\/index.php\/wp-json\/wp\/v2\/product\/5409","targetHints":{"allow":["GET"]}}],"collection":[{"href":"https:\/\/kervanmagazacilik.com\/index.php\/wp-json\/wp\/v2\/product"}],"about":[{"href":"https:\/\/kervanmagazacilik.com\/index.php\/wp-json\/wp\/v2\/types\/product"}],"wp:featuredmedia":[{"embeddable":true,"href":"https:\/\/kervanmagazacilik.com\/index.php\/wp-json\/wp\/v2\/media\/5410"}],"wp:attachment":[{"href":"https:\/\/kervanmagazacilik.com\/index.php\/wp-json\/wp\/v2\/media?parent=5409"}],"wp:term":[{"taxonomy":"product_brand","embeddable":true,"href":"https:\/\/kervanmagazacilik.com\/index.php\/wp-json\/wp\/v2\/product_brand?post=5409"},{"taxonomy":"product_cat","embeddable":true,"href":"https:\/\/kervanmagazacilik.com\/index.php\/wp-json\/wp\/v2\/product_cat?post=5409"},{"taxonomy":"product_tag","embeddable":true,"href":"https:\/\/kervanmagazacilik.com\/index.php\/wp-json\/wp\/v2\/product_tag?post=5409"}],"curies":[{"name":"wp","href":"https:\/\/api.w.org\/{rel}","templated":true}]}}