{"id":5344,"date":"2024-09-21T15:05:54","date_gmt":"2024-09-21T12:05:54","guid":{"rendered":"https:\/\/kervanmagazacilik.com\/?post_type=product&#038;p=5344"},"modified":"2024-09-21T15:05:54","modified_gmt":"2024-09-21T12:05:54","slug":"611trp000001","status":"publish","type":"product","link":"https:\/\/kervanmagazacilik.com\/index.php\/urun\/611trp000001\/","title":{"rendered":"611TRP000001"},"content":{"rendered":"<p>611TRP000001<\/p>\n<p>VEGAS KONSOL 40x160x90cm CO &#8211; VGS2316<\/p>\n<p>Geri D\u00f6n\u00fc\u015ft\u00fcr\u00fclm\u00fc\u015f Tik A\u011fac\u0131 K\u00f6k\u00fc<\/p>\n<p>*Gerekli g\u00f6r\u00fcld\u00fc\u011f\u00fc takdirde ah\u015fap alanlar\u0131 temizlemek i\u00e7in hafif nemli bir bez kullanarak nokta temizli\u011fi yap\u0131n, ard\u0131ndan hemen kurulay\u0131n.<br \/>\n*G\u00fc\u00e7l\u00fc temizlik maddeleri veya a\u015f\u0131nd\u0131r\u0131c\u0131lar kullanmay\u0131n.<br \/>\n*Her 90 g\u00fcnde bir vidalar\u0131n sa\u011flam ve s\u0131k\u0131 oldu\u011funu kontrol edin.<br \/>\n*Direkt olarak g\u00fcne\u015f \u0131\u015f\u0131\u011f\u0131na, a\u015f\u0131r\u0131 s\u0131ca\u011fa veya so\u011fu\u011fa maruz b\u0131rakmay\u0131n.<\/p>\n","protected":false},"excerpt":{"rendered":"<p>611TRP000001 VEGAS KONSOL 40x160x90cm CO &#8211; VGS2316 Geri D\u00f6n\u00fc\u015ft\u00fcr\u00fclm\u00fc\u015f Tik A\u011fac\u0131 K\u00f6k\u00fc *Gerekli g\u00f6r\u00fcld\u00fc\u011f\u00fc takdirde ah\u015fap alanlar\u0131 temizlemek i\u00e7in hafif nemli bir bez kullanarak nokta temizli\u011fi yap\u0131n, ard\u0131ndan hemen kurulay\u0131n. *G\u00fc\u00e7l\u00fc temizlik maddeleri veya a\u015f\u0131nd\u0131r\u0131c\u0131lar kullanmay\u0131n. *Her 90 g\u00fcnde bir vidalar\u0131n sa\u011flam ve s\u0131k\u0131 oldu\u011funu kontrol edin. *Direkt olarak g\u00fcne\u015f \u0131\u015f\u0131\u011f\u0131na, a\u015f\u0131r\u0131 s\u0131ca\u011fa veya so\u011fu\u011fa [&hellip;]<\/p>\n","protected":false},"featured_media":5345,"template":"","meta":[],"product_brand":[],"product_cat":[115],"product_tag":[1261],"class_list":{"0":"post-5344","1":"product","2":"type-product","3":"status-publish","4":"has-post-thumbnail","6":"product_cat-611trp","7":"product_tag-611trp000001","9":"first","10":"instock","11":"taxable","12":"shipping-taxable","13":"product-type-simple"},"_links":{"self":[{"href":"https:\/\/kervanmagazacilik.com\/index.php\/wp-json\/wp\/v2\/product\/5344","targetHints":{"allow":["GET"]}}],"collection":[{"href":"https:\/\/kervanmagazacilik.com\/index.php\/wp-json\/wp\/v2\/product"}],"about":[{"href":"https:\/\/kervanmagazacilik.com\/index.php\/wp-json\/wp\/v2\/types\/product"}],"wp:featuredmedia":[{"embeddable":true,"href":"https:\/\/kervanmagazacilik.com\/index.php\/wp-json\/wp\/v2\/media\/5345"}],"wp:attachment":[{"href":"https:\/\/kervanmagazacilik.com\/index.php\/wp-json\/wp\/v2\/media?parent=5344"}],"wp:term":[{"taxonomy":"product_brand","embeddable":true,"href":"https:\/\/kervanmagazacilik.com\/index.php\/wp-json\/wp\/v2\/product_brand?post=5344"},{"taxonomy":"product_cat","embeddable":true,"href":"https:\/\/kervanmagazacilik.com\/index.php\/wp-json\/wp\/v2\/product_cat?post=5344"},{"taxonomy":"product_tag","embeddable":true,"href":"https:\/\/kervanmagazacilik.com\/index.php\/wp-json\/wp\/v2\/product_tag?post=5344"}],"curies":[{"name":"wp","href":"https:\/\/api.w.org\/{rel}","templated":true}]}}