{"id":5273,"date":"2024-09-21T14:34:35","date_gmt":"2024-09-21T11:34:35","guid":{"rendered":"https:\/\/kervanmagazacilik.com\/?post_type=product&#038;p=5273"},"modified":"2024-09-21T14:34:35","modified_gmt":"2024-09-21T11:34:35","slug":"611sst000031","status":"publish","type":"product","link":"https:\/\/kervanmagazacilik.com\/index.php\/urun\/611sst000031\/","title":{"rendered":"611SST000031"},"content":{"rendered":"<p>611SST000031<\/p>\n<p>LEON YATAK + 2 KOMOD\u0130N 160x200x144cm SWTM-LEONBED1-SWTM-FR-001646<\/p>\n<p>Kuru veya Nemli temiz bir bez yard\u0131m\u0131yla temizlenmelidir.<\/p>\n<p>KOMOD\u0130N :53x43x55cm<\/p>\n<p>&nbsp;<\/p>\n","protected":false},"excerpt":{"rendered":"<p>611SST000031 LEON YATAK + 2 KOMOD\u0130N 160x200x144cm SWTM-LEONBED1-SWTM-FR-001646 Kuru veya Nemli temiz bir bez yard\u0131m\u0131yla temizlenmelidir. KOMOD\u0130N :53x43x55cm &nbsp;<\/p>\n","protected":false},"featured_media":5274,"template":"","meta":[],"product_brand":[],"product_cat":[117],"product_tag":[1257],"class_list":{"0":"post-5273","1":"product","2":"type-product","3":"status-publish","4":"has-post-thumbnail","6":"product_cat-611sst","7":"product_tag-611sst000031","9":"first","10":"instock","11":"taxable","12":"shipping-taxable","13":"product-type-simple"},"_links":{"self":[{"href":"https:\/\/kervanmagazacilik.com\/index.php\/wp-json\/wp\/v2\/product\/5273","targetHints":{"allow":["GET"]}}],"collection":[{"href":"https:\/\/kervanmagazacilik.com\/index.php\/wp-json\/wp\/v2\/product"}],"about":[{"href":"https:\/\/kervanmagazacilik.com\/index.php\/wp-json\/wp\/v2\/types\/product"}],"wp:featuredmedia":[{"embeddable":true,"href":"https:\/\/kervanmagazacilik.com\/index.php\/wp-json\/wp\/v2\/media\/5274"}],"wp:attachment":[{"href":"https:\/\/kervanmagazacilik.com\/index.php\/wp-json\/wp\/v2\/media?parent=5273"}],"wp:term":[{"taxonomy":"product_brand","embeddable":true,"href":"https:\/\/kervanmagazacilik.com\/index.php\/wp-json\/wp\/v2\/product_brand?post=5273"},{"taxonomy":"product_cat","embeddable":true,"href":"https:\/\/kervanmagazacilik.com\/index.php\/wp-json\/wp\/v2\/product_cat?post=5273"},{"taxonomy":"product_tag","embeddable":true,"href":"https:\/\/kervanmagazacilik.com\/index.php\/wp-json\/wp\/v2\/product_tag?post=5273"}],"curies":[{"name":"wp","href":"https:\/\/api.w.org\/{rel}","templated":true}]}}