{"id":5247,"date":"2024-09-21T14:21:36","date_gmt":"2024-09-21T11:21:36","guid":{"rendered":"https:\/\/kervanmagazacilik.com\/?post_type=product&#038;p=5247"},"modified":"2024-09-21T14:21:36","modified_gmt":"2024-09-21T11:21:36","slug":"611sst000018","status":"publish","type":"product","link":"https:\/\/kervanmagazacilik.com\/index.php\/urun\/611sst000018\/","title":{"rendered":"611SST000018"},"content":{"rendered":"<p>611SST000018<\/p>\n<p>BAR SADALYES\u0130 56x49x106cm SWTM-BRCHMANAWOKA<\/p>\n<p>Kuru veya Nemli temiz bir bez yard\u0131m\u0131yla temizlenmelidir.<\/p>\n","protected":false},"excerpt":{"rendered":"<p>611SST000018 BAR SADALYES\u0130 56x49x106cm SWTM-BRCHMANAWOKA Kuru veya Nemli temiz bir bez yard\u0131m\u0131yla temizlenmelidir.<\/p>\n","protected":false},"featured_media":5248,"template":"","meta":[],"product_brand":[],"product_cat":[117],"product_tag":[1247],"class_list":{"0":"post-5247","1":"product","2":"type-product","3":"status-publish","4":"has-post-thumbnail","6":"product_cat-611sst","7":"product_tag-611sst000018","9":"first","10":"instock","11":"taxable","12":"shipping-taxable","13":"product-type-simple"},"_links":{"self":[{"href":"https:\/\/kervanmagazacilik.com\/index.php\/wp-json\/wp\/v2\/product\/5247","targetHints":{"allow":["GET"]}}],"collection":[{"href":"https:\/\/kervanmagazacilik.com\/index.php\/wp-json\/wp\/v2\/product"}],"about":[{"href":"https:\/\/kervanmagazacilik.com\/index.php\/wp-json\/wp\/v2\/types\/product"}],"wp:featuredmedia":[{"embeddable":true,"href":"https:\/\/kervanmagazacilik.com\/index.php\/wp-json\/wp\/v2\/media\/5248"}],"wp:attachment":[{"href":"https:\/\/kervanmagazacilik.com\/index.php\/wp-json\/wp\/v2\/media?parent=5247"}],"wp:term":[{"taxonomy":"product_brand","embeddable":true,"href":"https:\/\/kervanmagazacilik.com\/index.php\/wp-json\/wp\/v2\/product_brand?post=5247"},{"taxonomy":"product_cat","embeddable":true,"href":"https:\/\/kervanmagazacilik.com\/index.php\/wp-json\/wp\/v2\/product_cat?post=5247"},{"taxonomy":"product_tag","embeddable":true,"href":"https:\/\/kervanmagazacilik.com\/index.php\/wp-json\/wp\/v2\/product_tag?post=5247"}],"curies":[{"name":"wp","href":"https:\/\/api.w.org\/{rel}","templated":true}]}}