{"id":5228,"date":"2024-09-21T14:13:50","date_gmt":"2024-09-21T11:13:50","guid":{"rendered":"https:\/\/kervanmagazacilik.com\/?post_type=product&#038;p=5228"},"modified":"2024-09-21T14:13:51","modified_gmt":"2024-09-21T11:13:51","slug":"611sst000011","status":"publish","type":"product","link":"https:\/\/kervanmagazacilik.com\/index.php\/urun\/611sst000011\/","title":{"rendered":"611SST000011"},"content":{"rendered":"<p>611SST000011<\/p>\n<p>\u015eEZLONG 159x75x92cm SWTM-FR-001575<\/p>\n<p>Kuru veya Nemli temiz bir bez yard\u0131m\u0131yla temizlenmelidir.<\/p>\n","protected":false},"excerpt":{"rendered":"<p>611SST000011 \u015eEZLONG 159x75x92cm SWTM-FR-001575 Kuru veya Nemli temiz bir bez yard\u0131m\u0131yla temizlenmelidir.<\/p>\n","protected":false},"featured_media":5229,"template":"","meta":[],"product_brand":[],"product_cat":[117],"product_tag":[1240],"class_list":{"0":"post-5228","1":"product","2":"type-product","3":"status-publish","4":"has-post-thumbnail","6":"product_cat-611sst","7":"product_tag-611sst000011","9":"first","10":"instock","11":"taxable","12":"shipping-taxable","13":"product-type-simple"},"_links":{"self":[{"href":"https:\/\/kervanmagazacilik.com\/index.php\/wp-json\/wp\/v2\/product\/5228","targetHints":{"allow":["GET"]}}],"collection":[{"href":"https:\/\/kervanmagazacilik.com\/index.php\/wp-json\/wp\/v2\/product"}],"about":[{"href":"https:\/\/kervanmagazacilik.com\/index.php\/wp-json\/wp\/v2\/types\/product"}],"wp:featuredmedia":[{"embeddable":true,"href":"https:\/\/kervanmagazacilik.com\/index.php\/wp-json\/wp\/v2\/media\/5229"}],"wp:attachment":[{"href":"https:\/\/kervanmagazacilik.com\/index.php\/wp-json\/wp\/v2\/media?parent=5228"}],"wp:term":[{"taxonomy":"product_brand","embeddable":true,"href":"https:\/\/kervanmagazacilik.com\/index.php\/wp-json\/wp\/v2\/product_brand?post=5228"},{"taxonomy":"product_cat","embeddable":true,"href":"https:\/\/kervanmagazacilik.com\/index.php\/wp-json\/wp\/v2\/product_cat?post=5228"},{"taxonomy":"product_tag","embeddable":true,"href":"https:\/\/kervanmagazacilik.com\/index.php\/wp-json\/wp\/v2\/product_tag?post=5228"}],"curies":[{"name":"wp","href":"https:\/\/api.w.org\/{rel}","templated":true}]}}