{"id":5224,"date":"2024-09-21T14:09:26","date_gmt":"2024-09-21T11:09:26","guid":{"rendered":"https:\/\/kervanmagazacilik.com\/?post_type=product&#038;p=5224"},"modified":"2024-09-21T14:09:27","modified_gmt":"2024-09-21T11:09:27","slug":"611sst000009","status":"publish","type":"product","link":"https:\/\/kervanmagazacilik.com\/index.php\/urun\/611sst000009\/","title":{"rendered":"611SST000009"},"content":{"rendered":"<p>611SST000009<\/p>\n<p>\u015eEZLONG 98x70x75cm SWTM-FR-ACHSRIL<\/p>\n<p>Kuru veya Nemli temiz bir bez yard\u0131m\u0131yla temizlenmelidir.<\/p>\n","protected":false},"excerpt":{"rendered":"<p>611SST000009 \u015eEZLONG 98x70x75cm SWTM-FR-ACHSRIL Kuru veya Nemli temiz bir bez yard\u0131m\u0131yla temizlenmelidir.<\/p>\n","protected":false},"featured_media":0,"template":"","meta":[],"product_brand":[],"product_cat":[117],"product_tag":[1238],"class_list":{"0":"post-5224","1":"product","2":"type-product","3":"status-publish","5":"product_cat-611sst","6":"product_tag-611sst000009","8":"first","9":"instock","10":"taxable","11":"shipping-taxable","12":"product-type-simple"},"_links":{"self":[{"href":"https:\/\/kervanmagazacilik.com\/index.php\/wp-json\/wp\/v2\/product\/5224","targetHints":{"allow":["GET"]}}],"collection":[{"href":"https:\/\/kervanmagazacilik.com\/index.php\/wp-json\/wp\/v2\/product"}],"about":[{"href":"https:\/\/kervanmagazacilik.com\/index.php\/wp-json\/wp\/v2\/types\/product"}],"wp:attachment":[{"href":"https:\/\/kervanmagazacilik.com\/index.php\/wp-json\/wp\/v2\/media?parent=5224"}],"wp:term":[{"taxonomy":"product_brand","embeddable":true,"href":"https:\/\/kervanmagazacilik.com\/index.php\/wp-json\/wp\/v2\/product_brand?post=5224"},{"taxonomy":"product_cat","embeddable":true,"href":"https:\/\/kervanmagazacilik.com\/index.php\/wp-json\/wp\/v2\/product_cat?post=5224"},{"taxonomy":"product_tag","embeddable":true,"href":"https:\/\/kervanmagazacilik.com\/index.php\/wp-json\/wp\/v2\/product_tag?post=5224"}],"curies":[{"name":"wp","href":"https:\/\/api.w.org\/{rel}","templated":true}]}}