{"id":5202,"date":"2024-09-21T12:59:49","date_gmt":"2024-09-21T09:59:49","guid":{"rendered":"https:\/\/kervanmagazacilik.com\/?post_type=product&#038;p=5202"},"modified":"2024-09-21T12:59:49","modified_gmt":"2024-09-21T09:59:49","slug":"611srd000014","status":"publish","type":"product","link":"https:\/\/kervanmagazacilik.com\/index.php\/urun\/611srd000014\/","title":{"rendered":"611SRD000014"},"content":{"rendered":"<p>611SRD000014<\/p>\n<p>KOLLU SANDALYE 66x6393xcm 956 C<\/p>\n<p>1. Do\u011frudan g\u00fcne\u015f \u0131\u015f\u0131\u011f\u0131na maruz kalmas\u0131n\u0131 \u00f6nleyiniz.<br \/>\n2. Kolayca suya maruz kalabilece\u011fi bir yere yerle\u015ftirmeyiniz.<br \/>\n3. Elektrikli s\u00fcp\u00fcrgesi veya nemli bir bez yard\u0131m\u0131yla temizleyiniz ve ard\u0131ndan kuru bir bezle siliniz.<\/p>\n<p>Maun A\u011fac\u0131 ve Rattan<\/p>\n<p>%100 POLYESTER<\/p>\n","protected":false},"excerpt":{"rendered":"<p>611SRD000014 KOLLU SANDALYE 66x6393xcm 956 C 1. Do\u011frudan g\u00fcne\u015f \u0131\u015f\u0131\u011f\u0131na maruz kalmas\u0131n\u0131 \u00f6nleyiniz. 2. Kolayca suya maruz kalabilece\u011fi bir yere yerle\u015ftirmeyiniz. 3. Elektrikli s\u00fcp\u00fcrgesi veya nemli bir bez yard\u0131m\u0131yla temizleyiniz ve ard\u0131ndan kuru bir bezle siliniz. Maun A\u011fac\u0131 ve Rattan %100 POLYESTER<\/p>\n","protected":false},"featured_media":5203,"template":"","meta":[],"product_brand":[],"product_cat":[118],"product_tag":[1232],"class_list":{"0":"post-5202","1":"product","2":"type-product","3":"status-publish","4":"has-post-thumbnail","6":"product_cat-611srd","7":"product_tag-611srd000014","9":"first","10":"instock","11":"taxable","12":"shipping-taxable","13":"product-type-simple"},"_links":{"self":[{"href":"https:\/\/kervanmagazacilik.com\/index.php\/wp-json\/wp\/v2\/product\/5202","targetHints":{"allow":["GET"]}}],"collection":[{"href":"https:\/\/kervanmagazacilik.com\/index.php\/wp-json\/wp\/v2\/product"}],"about":[{"href":"https:\/\/kervanmagazacilik.com\/index.php\/wp-json\/wp\/v2\/types\/product"}],"wp:featuredmedia":[{"embeddable":true,"href":"https:\/\/kervanmagazacilik.com\/index.php\/wp-json\/wp\/v2\/media\/5203"}],"wp:attachment":[{"href":"https:\/\/kervanmagazacilik.com\/index.php\/wp-json\/wp\/v2\/media?parent=5202"}],"wp:term":[{"taxonomy":"product_brand","embeddable":true,"href":"https:\/\/kervanmagazacilik.com\/index.php\/wp-json\/wp\/v2\/product_brand?post=5202"},{"taxonomy":"product_cat","embeddable":true,"href":"https:\/\/kervanmagazacilik.com\/index.php\/wp-json\/wp\/v2\/product_cat?post=5202"},{"taxonomy":"product_tag","embeddable":true,"href":"https:\/\/kervanmagazacilik.com\/index.php\/wp-json\/wp\/v2\/product_tag?post=5202"}],"curies":[{"name":"wp","href":"https:\/\/api.w.org\/{rel}","templated":true}]}}