{"id":5152,"date":"2024-09-21T12:44:50","date_gmt":"2024-09-21T09:44:50","guid":{"rendered":"https:\/\/kervanmagazacilik.com\/?post_type=product&#038;p=5152"},"modified":"2024-09-21T12:44:50","modified_gmt":"2024-09-21T09:44:50","slug":"611srd000004","status":"publish","type":"product","link":"https:\/\/kervanmagazacilik.com\/index.php\/urun\/611srd000004\/","title":{"rendered":"611SRD000004"},"content":{"rendered":"<p>611SRD000004<\/p>\n<p>KOLLU SANDALYE 61x63x87cm 702 C2<\/p>\n<p>1. Do\u011frudan g\u00fcne\u015f \u0131\u015f\u0131\u011f\u0131na maruz kalmas\u0131n\u0131 \u00f6nleyiniz.<br \/>\n2. Kolayca suya maruz kalabilece\u011fi bir yere yerle\u015ftirmeyiniz.<br \/>\n3. Elektrikli s\u00fcp\u00fcrgesi veya nemli bir bez yard\u0131m\u0131yla temizleyiniz ve ard\u0131ndan kuru bir bezle siliniz.<\/p>\n<p>Maun A\u011fac\u0131 ve Rattan<\/p>\n<p>%100 POLYESTER<\/p>\n","protected":false},"excerpt":{"rendered":"<p>611SRD000004 KOLLU SANDALYE 61x63x87cm 702 C2 1. Do\u011frudan g\u00fcne\u015f \u0131\u015f\u0131\u011f\u0131na maruz kalmas\u0131n\u0131 \u00f6nleyiniz. 2. Kolayca suya maruz kalabilece\u011fi bir yere yerle\u015ftirmeyiniz. 3. Elektrikli s\u00fcp\u00fcrgesi veya nemli bir bez yard\u0131m\u0131yla temizleyiniz ve ard\u0131ndan kuru bir bezle siliniz. Maun A\u011fac\u0131 ve Rattan %100 POLYESTER<\/p>\n","protected":false},"featured_media":5153,"template":"","meta":[],"product_brand":[],"product_cat":[118],"product_tag":[1222],"class_list":{"0":"post-5152","1":"product","2":"type-product","3":"status-publish","4":"has-post-thumbnail","6":"product_cat-611srd","7":"product_tag-611srd000004","9":"first","10":"instock","11":"taxable","12":"shipping-taxable","13":"product-type-simple"},"_links":{"self":[{"href":"https:\/\/kervanmagazacilik.com\/index.php\/wp-json\/wp\/v2\/product\/5152","targetHints":{"allow":["GET"]}}],"collection":[{"href":"https:\/\/kervanmagazacilik.com\/index.php\/wp-json\/wp\/v2\/product"}],"about":[{"href":"https:\/\/kervanmagazacilik.com\/index.php\/wp-json\/wp\/v2\/types\/product"}],"wp:featuredmedia":[{"embeddable":true,"href":"https:\/\/kervanmagazacilik.com\/index.php\/wp-json\/wp\/v2\/media\/5153"}],"wp:attachment":[{"href":"https:\/\/kervanmagazacilik.com\/index.php\/wp-json\/wp\/v2\/media?parent=5152"}],"wp:term":[{"taxonomy":"product_brand","embeddable":true,"href":"https:\/\/kervanmagazacilik.com\/index.php\/wp-json\/wp\/v2\/product_brand?post=5152"},{"taxonomy":"product_cat","embeddable":true,"href":"https:\/\/kervanmagazacilik.com\/index.php\/wp-json\/wp\/v2\/product_cat?post=5152"},{"taxonomy":"product_tag","embeddable":true,"href":"https:\/\/kervanmagazacilik.com\/index.php\/wp-json\/wp\/v2\/product_tag?post=5152"}],"curies":[{"name":"wp","href":"https:\/\/api.w.org\/{rel}","templated":true}]}}