{"id":5137,"date":"2024-09-21T12:40:56","date_gmt":"2024-09-21T09:40:56","guid":{"rendered":"https:\/\/kervanmagazacilik.com\/?post_type=product&#038;p=5137"},"modified":"2024-09-21T12:40:56","modified_gmt":"2024-09-21T09:40:56","slug":"611srd000001","status":"publish","type":"product","link":"https:\/\/kervanmagazacilik.com\/index.php\/urun\/611srd000001\/","title":{"rendered":"611SRD000001"},"content":{"rendered":"<p>611SRD000001<\/p>\n<p>SANDALYE 45x57x103cm 160 DC<\/p>\n<p>1. Do\u011frudan g\u00fcne\u015f \u0131\u015f\u0131\u011f\u0131na maruz kalmas\u0131n\u0131 \u00f6nleyiniz.<br \/>\n2. Kolayca suya maruz kalabilece\u011fi bir yere yerle\u015ftirmeyiniz.<br \/>\n3. Elektrikli s\u00fcp\u00fcrgesi veya nemli bir bez yard\u0131m\u0131yla temizleyiniz ve ard\u0131ndan kuru bir bezle siliniz.<\/p>\n<p>Maun A\u011fac\u0131 , Su S\u00fcmb\u00fcl\u00fc ve Rattan<\/p>\n<p>%100 POLYESTER<\/p>\n","protected":false},"excerpt":{"rendered":"<p>611SRD000001 SANDALYE 45x57x103cm 160 DC 1. Do\u011frudan g\u00fcne\u015f \u0131\u015f\u0131\u011f\u0131na maruz kalmas\u0131n\u0131 \u00f6nleyiniz. 2. Kolayca suya maruz kalabilece\u011fi bir yere yerle\u015ftirmeyiniz. 3. Elektrikli s\u00fcp\u00fcrgesi veya nemli bir bez yard\u0131m\u0131yla temizleyiniz ve ard\u0131ndan kuru bir bezle siliniz. Maun A\u011fac\u0131 , Su S\u00fcmb\u00fcl\u00fc ve Rattan %100 POLYESTER<\/p>\n","protected":false},"featured_media":5138,"template":"","meta":[],"product_brand":[],"product_cat":[118],"product_tag":[1219],"class_list":{"0":"post-5137","1":"product","2":"type-product","3":"status-publish","4":"has-post-thumbnail","6":"product_cat-611srd","7":"product_tag-611srd000001","9":"first","10":"instock","11":"taxable","12":"shipping-taxable","13":"product-type-simple"},"_links":{"self":[{"href":"https:\/\/kervanmagazacilik.com\/index.php\/wp-json\/wp\/v2\/product\/5137","targetHints":{"allow":["GET"]}}],"collection":[{"href":"https:\/\/kervanmagazacilik.com\/index.php\/wp-json\/wp\/v2\/product"}],"about":[{"href":"https:\/\/kervanmagazacilik.com\/index.php\/wp-json\/wp\/v2\/types\/product"}],"wp:featuredmedia":[{"embeddable":true,"href":"https:\/\/kervanmagazacilik.com\/index.php\/wp-json\/wp\/v2\/media\/5138"}],"wp:attachment":[{"href":"https:\/\/kervanmagazacilik.com\/index.php\/wp-json\/wp\/v2\/media?parent=5137"}],"wp:term":[{"taxonomy":"product_brand","embeddable":true,"href":"https:\/\/kervanmagazacilik.com\/index.php\/wp-json\/wp\/v2\/product_brand?post=5137"},{"taxonomy":"product_cat","embeddable":true,"href":"https:\/\/kervanmagazacilik.com\/index.php\/wp-json\/wp\/v2\/product_cat?post=5137"},{"taxonomy":"product_tag","embeddable":true,"href":"https:\/\/kervanmagazacilik.com\/index.php\/wp-json\/wp\/v2\/product_tag?post=5137"}],"curies":[{"name":"wp","href":"https:\/\/api.w.org\/{rel}","templated":true}]}}