{"id":4987,"date":"2024-09-21T11:25:53","date_gmt":"2024-09-21T08:25:53","guid":{"rendered":"https:\/\/kervanmagazacilik.com\/?post_type=product&#038;p=4987"},"modified":"2025-01-14T10:11:36","modified_gmt":"2025-01-14T07:11:36","slug":"611pym000036","status":"publish","type":"product","link":"https:\/\/kervanmagazacilik.com\/index.php\/urun\/611pym000036\/","title":{"rendered":"611PYM000036"},"content":{"rendered":"<p>611PYM000036<\/p>\n<p>FOR BERJER BEJ-KAHVE 80x70x80cm ( LETTO 2604-07)<\/p>\n<p>SADECE KURU TEM\u0130ZLEME YAPILAB\u0130L\u0130R.<\/p>\n<p>% 100 POLYESTER \u0130THAL \u00d6RME<\/p>\n<p>KUMA\u015e ARKA Y\u00dcZ\u00dc LAM\u0130NEL\u0130<\/p>\n","protected":false},"excerpt":{"rendered":"<p>611PYM000036 FOR BERJER BEJ-KAHVE 80x70x80cm ( LETTO 2604-07) SADECE KURU TEM\u0130ZLEME YAPILAB\u0130L\u0130R. % 100 POLYESTER \u0130THAL \u00d6RME KUMA\u015e ARKA Y\u00dcZ\u00dc LAM\u0130NEL\u0130<\/p>\n","protected":false},"featured_media":4988,"template":"","meta":[],"product_brand":[],"product_cat":[73],"product_tag":[1184],"class_list":{"0":"post-4987","1":"product","2":"type-product","3":"status-publish","4":"has-post-thumbnail","6":"product_cat-611pym","7":"product_tag-611pym000036","9":"first","10":"instock","11":"taxable","12":"shipping-taxable","13":"product-type-simple"},"_links":{"self":[{"href":"https:\/\/kervanmagazacilik.com\/index.php\/wp-json\/wp\/v2\/product\/4987","targetHints":{"allow":["GET"]}}],"collection":[{"href":"https:\/\/kervanmagazacilik.com\/index.php\/wp-json\/wp\/v2\/product"}],"about":[{"href":"https:\/\/kervanmagazacilik.com\/index.php\/wp-json\/wp\/v2\/types\/product"}],"wp:featuredmedia":[{"embeddable":true,"href":"https:\/\/kervanmagazacilik.com\/index.php\/wp-json\/wp\/v2\/media\/4988"}],"wp:attachment":[{"href":"https:\/\/kervanmagazacilik.com\/index.php\/wp-json\/wp\/v2\/media?parent=4987"}],"wp:term":[{"taxonomy":"product_brand","embeddable":true,"href":"https:\/\/kervanmagazacilik.com\/index.php\/wp-json\/wp\/v2\/product_brand?post=4987"},{"taxonomy":"product_cat","embeddable":true,"href":"https:\/\/kervanmagazacilik.com\/index.php\/wp-json\/wp\/v2\/product_cat?post=4987"},{"taxonomy":"product_tag","embeddable":true,"href":"https:\/\/kervanmagazacilik.com\/index.php\/wp-json\/wp\/v2\/product_tag?post=4987"}],"curies":[{"name":"wp","href":"https:\/\/api.w.org\/{rel}","templated":true}]}}