{"id":4815,"date":"2024-09-21T10:05:15","date_gmt":"2024-09-21T07:05:15","guid":{"rendered":"https:\/\/kervanmagazacilik.com\/?post_type=product&#038;p=4815"},"modified":"2024-09-21T10:05:15","modified_gmt":"2024-09-21T07:05:15","slug":"611pnc000009","status":"publish","type":"product","link":"https:\/\/kervanmagazacilik.com\/index.php\/urun\/611pnc000009\/","title":{"rendered":"611PNC000009"},"content":{"rendered":"<p>611PNC000009<\/p>\n<p>PUF GR\u0130 58,5&#215;44,5&#215;34,5cm 253.SGW<\/p>\n<p>Nemli ve yumu\u015fak bir bezle silerek temizleyin. A\u015f\u0131nd\u0131r\u0131c\u0131 veya kimyasal temizleyiciler kullanmay\u0131n. Minderi yo\u011fun olmayan bir deterjanla veya so\u011fuk suda hassas y\u0131kama ile temizleyin. \u0130\u00e7 mekanda kullan\u0131m\u0131 ve d\u0131\u015f etkenlerden uzakta korunakl\u0131 bir alanda kullan\u0131m\u0131 \u00f6nerilmektedir. Rattan do\u011fal bir \u00fcr\u00fcnd\u00fcr, a\u011f\u0131r kimyasallar kullan\u0131m\u0131 ve d\u0131\u015f etkenlere fazla maruz b\u0131rak\u0131lmas\u0131 durumunda renk farkl\u0131l\u0131klar\u0131 olu\u015fabilir.<\/p>\n<p>Rattan &#8211; Kuma\u015f (%100 Polyester)<\/p>\n","protected":false},"excerpt":{"rendered":"<p>611PNC000009 PUF GR\u0130 58,5&#215;44,5&#215;34,5cm 253.SGW Nemli ve yumu\u015fak bir bezle silerek temizleyin. A\u015f\u0131nd\u0131r\u0131c\u0131 veya kimyasal temizleyiciler kullanmay\u0131n. Minderi yo\u011fun olmayan bir deterjanla veya so\u011fuk suda hassas y\u0131kama ile temizleyin. \u0130\u00e7 mekanda kullan\u0131m\u0131 ve d\u0131\u015f etkenlerden uzakta korunakl\u0131 bir alanda kullan\u0131m\u0131 \u00f6nerilmektedir. Rattan do\u011fal bir \u00fcr\u00fcnd\u00fcr, a\u011f\u0131r kimyasallar kullan\u0131m\u0131 ve d\u0131\u015f etkenlere fazla maruz b\u0131rak\u0131lmas\u0131 durumunda [&hellip;]<\/p>\n","protected":false},"featured_media":4816,"template":"","meta":[],"product_brand":[],"product_cat":[1139],"product_tag":[1148],"class_list":{"0":"post-4815","1":"product","2":"type-product","3":"status-publish","4":"has-post-thumbnail","6":"product_cat-611pnc","7":"product_tag-611pnc000009","9":"first","10":"instock","11":"taxable","12":"shipping-taxable","13":"product-type-simple"},"_links":{"self":[{"href":"https:\/\/kervanmagazacilik.com\/index.php\/wp-json\/wp\/v2\/product\/4815","targetHints":{"allow":["GET"]}}],"collection":[{"href":"https:\/\/kervanmagazacilik.com\/index.php\/wp-json\/wp\/v2\/product"}],"about":[{"href":"https:\/\/kervanmagazacilik.com\/index.php\/wp-json\/wp\/v2\/types\/product"}],"wp:featuredmedia":[{"embeddable":true,"href":"https:\/\/kervanmagazacilik.com\/index.php\/wp-json\/wp\/v2\/media\/4816"}],"wp:attachment":[{"href":"https:\/\/kervanmagazacilik.com\/index.php\/wp-json\/wp\/v2\/media?parent=4815"}],"wp:term":[{"taxonomy":"product_brand","embeddable":true,"href":"https:\/\/kervanmagazacilik.com\/index.php\/wp-json\/wp\/v2\/product_brand?post=4815"},{"taxonomy":"product_cat","embeddable":true,"href":"https:\/\/kervanmagazacilik.com\/index.php\/wp-json\/wp\/v2\/product_cat?post=4815"},{"taxonomy":"product_tag","embeddable":true,"href":"https:\/\/kervanmagazacilik.com\/index.php\/wp-json\/wp\/v2\/product_tag?post=4815"}],"curies":[{"name":"wp","href":"https:\/\/api.w.org\/{rel}","templated":true}]}}