{"id":4739,"date":"2024-09-21T09:31:49","date_gmt":"2024-09-21T06:31:49","guid":{"rendered":"https:\/\/kervanmagazacilik.com\/?post_type=product&#038;p=4739"},"modified":"2024-09-21T09:31:49","modified_gmt":"2024-09-21T06:31:49","slug":"611mn2000021","status":"publish","type":"product","link":"https:\/\/kervanmagazacilik.com\/index.php\/urun\/611mn2000021\/","title":{"rendered":"611MN2000021"},"content":{"rendered":"<p>611MN2000021<\/p>\n<p>S\u0130RENAS HD-518 4 KAPAK GARDROP 262x67x230cm 611MANY2<\/p>\n<p>Hu\u015f A\u011fac\u0131<br \/>\nKuzey Amerika ve Avrupa da ve \u00fclkemizde<br \/>\nKaradenizde yeti\u015fen bir a\u011fa\u00e7 t\u00fcr\u00fcd\u00fcr. Oturma<br \/>\ngruplar\u0131nda ve oymal\u0131 i\u015flerde kullan\u0131lan bir a\u011fa\u00e7<br \/>\nt\u00fcr\u00fcd\u00fcr.<br \/>\n\u00c7\u0130N&#8217;DE \u00dcRET\u0130LM\u0130\u015eT\u0130R<br \/>\nNemli ve yumu\u015fak bir bezle temizli\u011fi kolayca yap\u0131labilir.<\/p>\n","protected":false},"excerpt":{"rendered":"<p>611MN2000021 S\u0130RENAS HD-518 4 KAPAK GARDROP 262x67x230cm 611MANY2 Hu\u015f A\u011fac\u0131 Kuzey Amerika ve Avrupa da ve \u00fclkemizde Karadenizde yeti\u015fen bir a\u011fa\u00e7 t\u00fcr\u00fcd\u00fcr. Oturma gruplar\u0131nda ve oymal\u0131 i\u015flerde kullan\u0131lan bir a\u011fa\u00e7 t\u00fcr\u00fcd\u00fcr. \u00c7\u0130N&#8217;DE \u00dcRET\u0130LM\u0130\u015eT\u0130R Nemli ve yumu\u015fak bir bezle temizli\u011fi kolayca yap\u0131labilir.<\/p>\n","protected":false},"featured_media":0,"template":"","meta":[],"product_brand":[],"product_cat":[129],"product_tag":[1131],"class_list":{"0":"post-4739","1":"product","2":"type-product","3":"status-publish","5":"product_cat-611mn2","6":"product_tag-611mn2000021","8":"first","9":"instock","10":"taxable","11":"shipping-taxable","12":"product-type-simple"},"_links":{"self":[{"href":"https:\/\/kervanmagazacilik.com\/index.php\/wp-json\/wp\/v2\/product\/4739","targetHints":{"allow":["GET"]}}],"collection":[{"href":"https:\/\/kervanmagazacilik.com\/index.php\/wp-json\/wp\/v2\/product"}],"about":[{"href":"https:\/\/kervanmagazacilik.com\/index.php\/wp-json\/wp\/v2\/types\/product"}],"wp:attachment":[{"href":"https:\/\/kervanmagazacilik.com\/index.php\/wp-json\/wp\/v2\/media?parent=4739"}],"wp:term":[{"taxonomy":"product_brand","embeddable":true,"href":"https:\/\/kervanmagazacilik.com\/index.php\/wp-json\/wp\/v2\/product_brand?post=4739"},{"taxonomy":"product_cat","embeddable":true,"href":"https:\/\/kervanmagazacilik.com\/index.php\/wp-json\/wp\/v2\/product_cat?post=4739"},{"taxonomy":"product_tag","embeddable":true,"href":"https:\/\/kervanmagazacilik.com\/index.php\/wp-json\/wp\/v2\/product_tag?post=4739"}],"curies":[{"name":"wp","href":"https:\/\/api.w.org\/{rel}","templated":true}]}}