{"id":4736,"date":"2024-09-21T09:30:15","date_gmt":"2024-09-21T06:30:15","guid":{"rendered":"https:\/\/kervanmagazacilik.com\/?post_type=product&#038;p=4736"},"modified":"2024-09-21T09:30:15","modified_gmt":"2024-09-21T06:30:15","slug":"611mn2000020","status":"publish","type":"product","link":"https:\/\/kervanmagazacilik.com\/index.php\/urun\/611mn2000020\/","title":{"rendered":"611MN2000020"},"content":{"rendered":"<p>611MN2000020<\/p>\n<p>S\u0130RENAS HD-523 AYNALI DRESSUAR+PUF 134x50x75cm 611MANY2<\/p>\n<p>Hu\u015f A\u011fac\u0131<br \/>\nKuzey Amerika ve Avrupa da ve \u00fclkemizde<br \/>\nKaradenizde yeti\u015fen bir a\u011fa\u00e7 t\u00fcr\u00fcd\u00fcr. Oturma<br \/>\ngruplar\u0131nda ve oymal\u0131 i\u015flerde kullan\u0131lan bir a\u011fa\u00e7<br \/>\nt\u00fcr\u00fcd\u00fcr.<br \/>\n\u00c7\u0130N&#8217;DE \u00dcRET\u0130LM\u0130\u015eT\u0130R<br \/>\nNemli ve yumu\u015fak bir bezle temizli\u011fi kolayca yap\u0131labilir.<\/p>\n","protected":false},"excerpt":{"rendered":"<p>611MN2000020 S\u0130RENAS HD-523 AYNALI DRESSUAR+PUF 134x50x75cm 611MANY2 Hu\u015f A\u011fac\u0131 Kuzey Amerika ve Avrupa da ve \u00fclkemizde Karadenizde yeti\u015fen bir a\u011fa\u00e7 t\u00fcr\u00fcd\u00fcr. Oturma gruplar\u0131nda ve oymal\u0131 i\u015flerde kullan\u0131lan bir a\u011fa\u00e7 t\u00fcr\u00fcd\u00fcr. \u00c7\u0130N&#8217;DE \u00dcRET\u0130LM\u0130\u015eT\u0130R Nemli ve yumu\u015fak bir bezle temizli\u011fi kolayca yap\u0131labilir.<\/p>\n","protected":false},"featured_media":4737,"template":"","meta":[],"product_brand":[],"product_cat":[129],"product_tag":[1130],"class_list":{"0":"post-4736","1":"product","2":"type-product","3":"status-publish","4":"has-post-thumbnail","6":"product_cat-611mn2","7":"product_tag-611mn2000020","9":"first","10":"instock","11":"taxable","12":"shipping-taxable","13":"product-type-simple"},"_links":{"self":[{"href":"https:\/\/kervanmagazacilik.com\/index.php\/wp-json\/wp\/v2\/product\/4736","targetHints":{"allow":["GET"]}}],"collection":[{"href":"https:\/\/kervanmagazacilik.com\/index.php\/wp-json\/wp\/v2\/product"}],"about":[{"href":"https:\/\/kervanmagazacilik.com\/index.php\/wp-json\/wp\/v2\/types\/product"}],"wp:featuredmedia":[{"embeddable":true,"href":"https:\/\/kervanmagazacilik.com\/index.php\/wp-json\/wp\/v2\/media\/4737"}],"wp:attachment":[{"href":"https:\/\/kervanmagazacilik.com\/index.php\/wp-json\/wp\/v2\/media?parent=4736"}],"wp:term":[{"taxonomy":"product_brand","embeddable":true,"href":"https:\/\/kervanmagazacilik.com\/index.php\/wp-json\/wp\/v2\/product_brand?post=4736"},{"taxonomy":"product_cat","embeddable":true,"href":"https:\/\/kervanmagazacilik.com\/index.php\/wp-json\/wp\/v2\/product_cat?post=4736"},{"taxonomy":"product_tag","embeddable":true,"href":"https:\/\/kervanmagazacilik.com\/index.php\/wp-json\/wp\/v2\/product_tag?post=4736"}],"curies":[{"name":"wp","href":"https:\/\/api.w.org\/{rel}","templated":true}]}}