{"id":4716,"date":"2024-09-21T09:24:20","date_gmt":"2024-09-21T06:24:20","guid":{"rendered":"https:\/\/kervanmagazacilik.com\/?post_type=product&#038;p=4716"},"modified":"2024-09-21T09:24:20","modified_gmt":"2024-09-21T06:24:20","slug":"611mll000007","status":"publish","type":"product","link":"https:\/\/kervanmagazacilik.com\/index.php\/urun\/611mll000007\/","title":{"rendered":"611MLL000007"},"content":{"rendered":"<p>611MLL000007<\/p>\n<p>FEL\u0130N\u0130 \u00dc\u00c7L\u00dc KOLTUK 105x235x65cm<\/p>\n<p>Al\u00fcminyum &#8211; Do\u011fal Rattan &#8211; Kuma\u015f<\/p>\n<p>100% OLEFIN<\/p>\n<p>Kuma\u015f K\u0131s\u0131mlar i\u00e7in ; 40-105 derece s\u0131cakl\u0131kta makinede y\u0131kanabilmektedir ve a\u011fart\u0131c\u0131 kullan\u0131lmamal\u0131d\u0131r. D\u00fc\u015f\u00fck s\u0131cakl\u0131k ayar\u0131nda kurutma makinas\u0131nda kurutulabilmektedir ancak do\u011fal yolla kurumas\u0131 tavsiye edilmektedir. Maksimum 110 derece s\u0131cakl\u0131kta \u00fct\u00fclenebilmektedir. Kurutemizleme yap\u0131lmamal\u0131d\u0131r.<br \/>\nRattan k\u0131s\u0131mlar i\u00e7in ; su ve sabun (a\u011f\u0131r kimyasal i\u00e7ermemelidir) ile y\u0131kan\u0131p ard\u0131ndan kurutulmal\u0131d\u0131r.<\/p>\n","protected":false},"excerpt":{"rendered":"<p>611MLL000007 FEL\u0130N\u0130 \u00dc\u00c7L\u00dc KOLTUK 105x235x65cm Al\u00fcminyum &#8211; Do\u011fal Rattan &#8211; Kuma\u015f 100% OLEFIN Kuma\u015f K\u0131s\u0131mlar i\u00e7in ; 40-105 derece s\u0131cakl\u0131kta makinede y\u0131kanabilmektedir ve a\u011fart\u0131c\u0131 kullan\u0131lmamal\u0131d\u0131r. D\u00fc\u015f\u00fck s\u0131cakl\u0131k ayar\u0131nda kurutma makinas\u0131nda kurutulabilmektedir ancak do\u011fal yolla kurumas\u0131 tavsiye edilmektedir. Maksimum 110 derece s\u0131cakl\u0131kta \u00fct\u00fclenebilmektedir. Kurutemizleme yap\u0131lmamal\u0131d\u0131r. Rattan k\u0131s\u0131mlar i\u00e7in ; su ve sabun (a\u011f\u0131r kimyasal i\u00e7ermemelidir) ile [&hellip;]<\/p>\n","protected":false},"featured_media":4717,"template":"","meta":[],"product_brand":[],"product_cat":[130],"product_tag":[1127],"class_list":{"0":"post-4716","1":"product","2":"type-product","3":"status-publish","4":"has-post-thumbnail","6":"product_cat-611mll","7":"product_tag-611mll000007","9":"first","10":"instock","11":"taxable","12":"shipping-taxable","13":"product-type-simple"},"_links":{"self":[{"href":"https:\/\/kervanmagazacilik.com\/index.php\/wp-json\/wp\/v2\/product\/4716","targetHints":{"allow":["GET"]}}],"collection":[{"href":"https:\/\/kervanmagazacilik.com\/index.php\/wp-json\/wp\/v2\/product"}],"about":[{"href":"https:\/\/kervanmagazacilik.com\/index.php\/wp-json\/wp\/v2\/types\/product"}],"wp:featuredmedia":[{"embeddable":true,"href":"https:\/\/kervanmagazacilik.com\/index.php\/wp-json\/wp\/v2\/media\/4717"}],"wp:attachment":[{"href":"https:\/\/kervanmagazacilik.com\/index.php\/wp-json\/wp\/v2\/media?parent=4716"}],"wp:term":[{"taxonomy":"product_brand","embeddable":true,"href":"https:\/\/kervanmagazacilik.com\/index.php\/wp-json\/wp\/v2\/product_brand?post=4716"},{"taxonomy":"product_cat","embeddable":true,"href":"https:\/\/kervanmagazacilik.com\/index.php\/wp-json\/wp\/v2\/product_cat?post=4716"},{"taxonomy":"product_tag","embeddable":true,"href":"https:\/\/kervanmagazacilik.com\/index.php\/wp-json\/wp\/v2\/product_tag?post=4716"}],"curies":[{"name":"wp","href":"https:\/\/api.w.org\/{rel}","templated":true}]}}