{"id":4683,"date":"2024-09-21T09:13:59","date_gmt":"2024-09-21T06:13:59","guid":{"rendered":"https:\/\/kervanmagazacilik.com\/?post_type=product&#038;p=4683"},"modified":"2024-09-21T09:13:59","modified_gmt":"2024-09-21T06:13:59","slug":"611mll000002","status":"publish","type":"product","link":"https:\/\/kervanmagazacilik.com\/index.php\/urun\/611mll000002\/","title":{"rendered":"611MLL000002"},"content":{"rendered":"<p>611MLL000002<\/p>\n<p>SUN BERJER 85x70x75cm<\/p>\n<p>Tik A\u011fac\u0131 &#8211; Sentetik Rattan &#8211; Kuma\u015f<\/p>\n<p>100% OLEFIN<\/p>\n<p>Kuma\u015f K\u0131s\u0131mlar i\u00e7in ; 40-105 derece s\u0131cakl\u0131kta makinede y\u0131kanabilmektedir ve a\u011fart\u0131c\u0131 kullan\u0131lmamal\u0131d\u0131r. D\u00fc\u015f\u00fck s\u0131cakl\u0131k ayar\u0131nda kurutma makinas\u0131nda kurutulabilmektedir ancak do\u011fal yolla kurumas\u0131 tavsiye edilmektedir. Maksimum 110 derece s\u0131cakl\u0131kta \u00fct\u00fclenebilmektedir. Kurutemizleme yap\u0131lmamal\u0131d\u0131r.<br \/>\nRattan k\u0131s\u0131mlar i\u00e7in ; su ve sabun (a\u011f\u0131r kimyasal i\u00e7ermemelidir) ile y\u0131kan\u0131p ard\u0131ndan kurutulmal\u0131d\u0131r.<br \/>\nTik iskelet i\u00e7in ; hafif nemli bir bez yard\u0131m\u0131yla veya bas\u0131n\u00e7l\u0131 hava tabancas\u0131 ile silinip veya tozu al\u0131n\u0131p, silinmesi durumunda hemen kurutulup ard\u0131ndan tik a\u011fac\u0131 ya\u011f\u0131 s\u00fcr\u00fclerek korunabilmektedir. Tik a\u011fac\u0131n\u0131n bir \u00f6zelli\u011fi olarak zaman i\u00e7erisinde \u00fcr\u00fcn iskeletinde grile\u015fme g\u00f6r\u00fclebilmektedir, bu tik a\u011fac\u0131n\u0131n yap\u0131s\u0131 gere\u011fi normal bir durumdur.<\/p>\n","protected":false},"excerpt":{"rendered":"<p>611MLL000002 SUN BERJER 85x70x75cm Tik A\u011fac\u0131 &#8211; Sentetik Rattan &#8211; Kuma\u015f 100% OLEFIN Kuma\u015f K\u0131s\u0131mlar i\u00e7in ; 40-105 derece s\u0131cakl\u0131kta makinede y\u0131kanabilmektedir ve a\u011fart\u0131c\u0131 kullan\u0131lmamal\u0131d\u0131r. D\u00fc\u015f\u00fck s\u0131cakl\u0131k ayar\u0131nda kurutma makinas\u0131nda kurutulabilmektedir ancak do\u011fal yolla kurumas\u0131 tavsiye edilmektedir. Maksimum 110 derece s\u0131cakl\u0131kta \u00fct\u00fclenebilmektedir. Kurutemizleme yap\u0131lmamal\u0131d\u0131r. Rattan k\u0131s\u0131mlar i\u00e7in ; su ve sabun (a\u011f\u0131r kimyasal i\u00e7ermemelidir) ile [&hellip;]<\/p>\n","protected":false},"featured_media":4684,"template":"","meta":[],"product_brand":[],"product_cat":[130],"product_tag":[1122],"class_list":{"0":"post-4683","1":"product","2":"type-product","3":"status-publish","4":"has-post-thumbnail","6":"product_cat-611mll","7":"product_tag-611mll000002","9":"first","10":"instock","11":"taxable","12":"shipping-taxable","13":"product-type-simple"},"_links":{"self":[{"href":"https:\/\/kervanmagazacilik.com\/index.php\/wp-json\/wp\/v2\/product\/4683","targetHints":{"allow":["GET"]}}],"collection":[{"href":"https:\/\/kervanmagazacilik.com\/index.php\/wp-json\/wp\/v2\/product"}],"about":[{"href":"https:\/\/kervanmagazacilik.com\/index.php\/wp-json\/wp\/v2\/types\/product"}],"wp:featuredmedia":[{"embeddable":true,"href":"https:\/\/kervanmagazacilik.com\/index.php\/wp-json\/wp\/v2\/media\/4684"}],"wp:attachment":[{"href":"https:\/\/kervanmagazacilik.com\/index.php\/wp-json\/wp\/v2\/media?parent=4683"}],"wp:term":[{"taxonomy":"product_brand","embeddable":true,"href":"https:\/\/kervanmagazacilik.com\/index.php\/wp-json\/wp\/v2\/product_brand?post=4683"},{"taxonomy":"product_cat","embeddable":true,"href":"https:\/\/kervanmagazacilik.com\/index.php\/wp-json\/wp\/v2\/product_cat?post=4683"},{"taxonomy":"product_tag","embeddable":true,"href":"https:\/\/kervanmagazacilik.com\/index.php\/wp-json\/wp\/v2\/product_tag?post=4683"}],"curies":[{"name":"wp","href":"https:\/\/api.w.org\/{rel}","templated":true}]}}