{"id":4628,"date":"2024-09-21T08:57:37","date_gmt":"2024-09-21T05:57:37","guid":{"rendered":"https:\/\/kervanmagazacilik.com\/?post_type=product&#038;p=4628"},"modified":"2024-09-21T08:57:37","modified_gmt":"2024-09-21T05:57:37","slug":"611lax000012","status":"publish","type":"product","link":"https:\/\/kervanmagazacilik.com\/index.php\/urun\/611lax000012\/","title":{"rendered":"611LAX000012"},"content":{"rendered":"<p>611LAX000012<\/p>\n<p>BONE KONSOL 4 KAPAKLI 40x170x100cm 10955<\/p>\n<p>Mango A\u011fac\u0131<\/p>\n<p>Kemik Ta\u015f\u0131<\/p>\n<p>Mobilyadaki toz ve kiri nemli bir mikrofiber bezle silerek ve ard\u0131ndan kuru bir bez yard\u0131m\u0131yla kurulayarak temizleyebilirsiniz.<\/p>\n","protected":false},"excerpt":{"rendered":"<p>611LAX000012 BONE KONSOL 4 KAPAKLI 40x170x100cm 10955 Mango A\u011fac\u0131 Kemik Ta\u015f\u0131 Mobilyadaki toz ve kiri nemli bir mikrofiber bezle silerek ve ard\u0131ndan kuru bir bez yard\u0131m\u0131yla kurulayarak temizleyebilirsiniz.<\/p>\n","protected":false},"featured_media":4629,"template":"","meta":[],"product_brand":[],"product_cat":[133],"product_tag":[1114],"class_list":{"0":"post-4628","1":"product","2":"type-product","3":"status-publish","4":"has-post-thumbnail","6":"product_cat-611lax","7":"product_tag-611lax000012","9":"first","10":"instock","11":"taxable","12":"shipping-taxable","13":"product-type-simple"},"_links":{"self":[{"href":"https:\/\/kervanmagazacilik.com\/index.php\/wp-json\/wp\/v2\/product\/4628","targetHints":{"allow":["GET"]}}],"collection":[{"href":"https:\/\/kervanmagazacilik.com\/index.php\/wp-json\/wp\/v2\/product"}],"about":[{"href":"https:\/\/kervanmagazacilik.com\/index.php\/wp-json\/wp\/v2\/types\/product"}],"wp:featuredmedia":[{"embeddable":true,"href":"https:\/\/kervanmagazacilik.com\/index.php\/wp-json\/wp\/v2\/media\/4629"}],"wp:attachment":[{"href":"https:\/\/kervanmagazacilik.com\/index.php\/wp-json\/wp\/v2\/media?parent=4628"}],"wp:term":[{"taxonomy":"product_brand","embeddable":true,"href":"https:\/\/kervanmagazacilik.com\/index.php\/wp-json\/wp\/v2\/product_brand?post=4628"},{"taxonomy":"product_cat","embeddable":true,"href":"https:\/\/kervanmagazacilik.com\/index.php\/wp-json\/wp\/v2\/product_cat?post=4628"},{"taxonomy":"product_tag","embeddable":true,"href":"https:\/\/kervanmagazacilik.com\/index.php\/wp-json\/wp\/v2\/product_tag?post=4628"}],"curies":[{"name":"wp","href":"https:\/\/api.w.org\/{rel}","templated":true}]}}