{"id":4603,"date":"2024-09-21T08:51:55","date_gmt":"2024-09-21T05:51:55","guid":{"rendered":"https:\/\/kervanmagazacilik.com\/?post_type=product&#038;p=4603"},"modified":"2024-09-21T08:51:55","modified_gmt":"2024-09-21T05:51:55","slug":"611lax000009","status":"publish","type":"product","link":"https:\/\/kervanmagazacilik.com\/index.php\/urun\/611lax000009\/","title":{"rendered":"611LAX000009"},"content":{"rendered":"<p>611LAX000009<\/p>\n<p>LINE DOLAP 2 KAPAKLI 2 \u00c7EKMECEL\u0130 50x105x175cm 10946<\/p>\n<p>Mango \/ MDF \/ Pirin\u00e7 Metal Kaplama<\/p>\n<p>Mobilyadaki toz ve kiri nemli bir mikrofiber bezle silerek ve ard\u0131ndan kuru bir bez yard\u0131m\u0131yla kurulayarak temizleyebilirsiniz.<\/p>\n","protected":false},"excerpt":{"rendered":"<p>611LAX000009 LINE DOLAP 2 KAPAKLI 2 \u00c7EKMECEL\u0130 50x105x175cm 10946 Mango \/ MDF \/ Pirin\u00e7 Metal Kaplama Mobilyadaki toz ve kiri nemli bir mikrofiber bezle silerek ve ard\u0131ndan kuru bir bez yard\u0131m\u0131yla kurulayarak temizleyebilirsiniz.<\/p>\n","protected":false},"featured_media":4604,"template":"","meta":[],"product_brand":[],"product_cat":[133],"product_tag":[1111],"class_list":{"0":"post-4603","1":"product","2":"type-product","3":"status-publish","4":"has-post-thumbnail","6":"product_cat-611lax","7":"product_tag-611lax000009","9":"first","10":"instock","11":"taxable","12":"shipping-taxable","13":"product-type-simple"},"_links":{"self":[{"href":"https:\/\/kervanmagazacilik.com\/index.php\/wp-json\/wp\/v2\/product\/4603","targetHints":{"allow":["GET"]}}],"collection":[{"href":"https:\/\/kervanmagazacilik.com\/index.php\/wp-json\/wp\/v2\/product"}],"about":[{"href":"https:\/\/kervanmagazacilik.com\/index.php\/wp-json\/wp\/v2\/types\/product"}],"wp:featuredmedia":[{"embeddable":true,"href":"https:\/\/kervanmagazacilik.com\/index.php\/wp-json\/wp\/v2\/media\/4604"}],"wp:attachment":[{"href":"https:\/\/kervanmagazacilik.com\/index.php\/wp-json\/wp\/v2\/media?parent=4603"}],"wp:term":[{"taxonomy":"product_brand","embeddable":true,"href":"https:\/\/kervanmagazacilik.com\/index.php\/wp-json\/wp\/v2\/product_brand?post=4603"},{"taxonomy":"product_cat","embeddable":true,"href":"https:\/\/kervanmagazacilik.com\/index.php\/wp-json\/wp\/v2\/product_cat?post=4603"},{"taxonomy":"product_tag","embeddable":true,"href":"https:\/\/kervanmagazacilik.com\/index.php\/wp-json\/wp\/v2\/product_tag?post=4603"}],"curies":[{"name":"wp","href":"https:\/\/api.w.org\/{rel}","templated":true}]}}