{"id":4582,"date":"2024-09-21T08:45:24","date_gmt":"2024-09-21T05:45:24","guid":{"rendered":"https:\/\/kervanmagazacilik.com\/?post_type=product&#038;p=4582"},"modified":"2024-09-21T08:45:25","modified_gmt":"2024-09-21T05:45:25","slug":"611lax000006","status":"publish","type":"product","link":"https:\/\/kervanmagazacilik.com\/index.php\/urun\/611lax000006\/","title":{"rendered":"611LAX000006"},"content":{"rendered":"<p>611LAX000006<\/p>\n<p>LINE YATAK 160x200x110cm 10947<\/p>\n<p>Mango \/ MDF \/ Pirin\u00e7 Metal Kaplama<\/p>\n<p>Mobilyadaki toz ve kiri nemli bir mikrofiber bezle silerek ve ard\u0131ndan kuru bir bez yard\u0131m\u0131yla kurulayarak temizleyebilirsiniz.<\/p>\n","protected":false},"excerpt":{"rendered":"<p>611LAX000006 LINE YATAK 160x200x110cm 10947 Mango \/ MDF \/ Pirin\u00e7 Metal Kaplama Mobilyadaki toz ve kiri nemli bir mikrofiber bezle silerek ve ard\u0131ndan kuru bir bez yard\u0131m\u0131yla kurulayarak temizleyebilirsiniz.<\/p>\n","protected":false},"featured_media":4583,"template":"","meta":[],"product_brand":[],"product_cat":[133],"product_tag":[1108],"class_list":{"0":"post-4582","1":"product","2":"type-product","3":"status-publish","4":"has-post-thumbnail","6":"product_cat-611lax","7":"product_tag-611lax000006","9":"first","10":"instock","11":"taxable","12":"shipping-taxable","13":"product-type-simple"},"_links":{"self":[{"href":"https:\/\/kervanmagazacilik.com\/index.php\/wp-json\/wp\/v2\/product\/4582","targetHints":{"allow":["GET"]}}],"collection":[{"href":"https:\/\/kervanmagazacilik.com\/index.php\/wp-json\/wp\/v2\/product"}],"about":[{"href":"https:\/\/kervanmagazacilik.com\/index.php\/wp-json\/wp\/v2\/types\/product"}],"wp:featuredmedia":[{"embeddable":true,"href":"https:\/\/kervanmagazacilik.com\/index.php\/wp-json\/wp\/v2\/media\/4583"}],"wp:attachment":[{"href":"https:\/\/kervanmagazacilik.com\/index.php\/wp-json\/wp\/v2\/media?parent=4582"}],"wp:term":[{"taxonomy":"product_brand","embeddable":true,"href":"https:\/\/kervanmagazacilik.com\/index.php\/wp-json\/wp\/v2\/product_brand?post=4582"},{"taxonomy":"product_cat","embeddable":true,"href":"https:\/\/kervanmagazacilik.com\/index.php\/wp-json\/wp\/v2\/product_cat?post=4582"},{"taxonomy":"product_tag","embeddable":true,"href":"https:\/\/kervanmagazacilik.com\/index.php\/wp-json\/wp\/v2\/product_tag?post=4582"}],"curies":[{"name":"wp","href":"https:\/\/api.w.org\/{rel}","templated":true}]}}