{"id":4565,"date":"2024-09-21T08:39:57","date_gmt":"2024-09-21T05:39:57","guid":{"rendered":"https:\/\/kervanmagazacilik.com\/?post_type=product&#038;p=4565"},"modified":"2024-09-21T08:43:45","modified_gmt":"2024-09-21T05:43:45","slug":"611lax000004","status":"publish","type":"product","link":"https:\/\/kervanmagazacilik.com\/index.php\/urun\/611lax000004\/","title":{"rendered":"611LAX000004"},"content":{"rendered":"<p>611LAX000004<\/p>\n<p>LINE TV \u00dcN\u0130TES\u0130 40x160x60cm 10941<\/p>\n<p>Mango \/ MDF \/ Pirin\u00e7 Metal Kaplama<\/p>\n<p>Mobilyadaki toz ve kiri nemli bir mikrofiber bezle silerek ve ard\u0131ndan kuru bir bez yard\u0131m\u0131yla kurulayarak temizleyebilirsiniz.<\/p>\n","protected":false},"excerpt":{"rendered":"<p>611LAX000004 LINE TV \u00dcN\u0130TES\u0130 40x160x60cm 10941 Mango \/ MDF \/ Pirin\u00e7 Metal Kaplama Mobilyadaki toz ve kiri nemli bir mikrofiber bezle silerek ve ard\u0131ndan kuru bir bez yard\u0131m\u0131yla kurulayarak temizleyebilirsiniz.<\/p>\n","protected":false},"featured_media":4566,"template":"","meta":[],"product_brand":[],"product_cat":[133],"product_tag":[1106],"class_list":{"0":"post-4565","1":"product","2":"type-product","3":"status-publish","4":"has-post-thumbnail","6":"product_cat-611lax","7":"product_tag-611lax000004","9":"first","10":"instock","11":"taxable","12":"shipping-taxable","13":"product-type-simple"},"_links":{"self":[{"href":"https:\/\/kervanmagazacilik.com\/index.php\/wp-json\/wp\/v2\/product\/4565","targetHints":{"allow":["GET"]}}],"collection":[{"href":"https:\/\/kervanmagazacilik.com\/index.php\/wp-json\/wp\/v2\/product"}],"about":[{"href":"https:\/\/kervanmagazacilik.com\/index.php\/wp-json\/wp\/v2\/types\/product"}],"wp:featuredmedia":[{"embeddable":true,"href":"https:\/\/kervanmagazacilik.com\/index.php\/wp-json\/wp\/v2\/media\/4566"}],"wp:attachment":[{"href":"https:\/\/kervanmagazacilik.com\/index.php\/wp-json\/wp\/v2\/media?parent=4565"}],"wp:term":[{"taxonomy":"product_brand","embeddable":true,"href":"https:\/\/kervanmagazacilik.com\/index.php\/wp-json\/wp\/v2\/product_brand?post=4565"},{"taxonomy":"product_cat","embeddable":true,"href":"https:\/\/kervanmagazacilik.com\/index.php\/wp-json\/wp\/v2\/product_cat?post=4565"},{"taxonomy":"product_tag","embeddable":true,"href":"https:\/\/kervanmagazacilik.com\/index.php\/wp-json\/wp\/v2\/product_tag?post=4565"}],"curies":[{"name":"wp","href":"https:\/\/api.w.org\/{rel}","templated":true}]}}