{"id":4558,"date":"2024-09-21T08:37:57","date_gmt":"2024-09-21T05:37:57","guid":{"rendered":"https:\/\/kervanmagazacilik.com\/?post_type=product&#038;p=4558"},"modified":"2024-09-21T09:04:47","modified_gmt":"2024-09-21T06:04:47","slug":"611lax000003","status":"publish","type":"product","link":"https:\/\/kervanmagazacilik.com\/index.php\/urun\/611lax000003\/","title":{"rendered":"611LAX000003"},"content":{"rendered":"<p>611LAX000003<\/p>\n<p>LINE TIRNAK 40x140x76cm 10942<\/p>\n<p>Mango \/ MDF \/ Pirin\u00e7 Metal Kaplama<\/p>\n<p>Mobilyadaki toz ve kiri nemli bir mikrofiber bezle silerek ve ard\u0131ndan kuru bir bez yard\u0131m\u0131yla kurulayarak temizleyebilirsiniz.<\/p>\n","protected":false},"excerpt":{"rendered":"<p>611LAX000003 LINE TIRNAK 40x140x76cm 10942 Mango \/ MDF \/ Pirin\u00e7 Metal Kaplama Mobilyadaki toz ve kiri nemli bir mikrofiber bezle silerek ve ard\u0131ndan kuru bir bez yard\u0131m\u0131yla kurulayarak temizleyebilirsiniz.<\/p>\n","protected":false},"featured_media":4559,"template":"","meta":[],"product_brand":[],"product_cat":[133],"product_tag":[],"class_list":{"0":"post-4558","1":"product","2":"type-product","3":"status-publish","4":"has-post-thumbnail","6":"product_cat-611lax","8":"first","9":"instock","10":"taxable","11":"shipping-taxable","12":"product-type-simple"},"_links":{"self":[{"href":"https:\/\/kervanmagazacilik.com\/index.php\/wp-json\/wp\/v2\/product\/4558","targetHints":{"allow":["GET"]}}],"collection":[{"href":"https:\/\/kervanmagazacilik.com\/index.php\/wp-json\/wp\/v2\/product"}],"about":[{"href":"https:\/\/kervanmagazacilik.com\/index.php\/wp-json\/wp\/v2\/types\/product"}],"wp:featuredmedia":[{"embeddable":true,"href":"https:\/\/kervanmagazacilik.com\/index.php\/wp-json\/wp\/v2\/media\/4559"}],"wp:attachment":[{"href":"https:\/\/kervanmagazacilik.com\/index.php\/wp-json\/wp\/v2\/media?parent=4558"}],"wp:term":[{"taxonomy":"product_brand","embeddable":true,"href":"https:\/\/kervanmagazacilik.com\/index.php\/wp-json\/wp\/v2\/product_brand?post=4558"},{"taxonomy":"product_cat","embeddable":true,"href":"https:\/\/kervanmagazacilik.com\/index.php\/wp-json\/wp\/v2\/product_cat?post=4558"},{"taxonomy":"product_tag","embeddable":true,"href":"https:\/\/kervanmagazacilik.com\/index.php\/wp-json\/wp\/v2\/product_tag?post=4558"}],"curies":[{"name":"wp","href":"https:\/\/api.w.org\/{rel}","templated":true}]}}