{"id":4405,"date":"2024-09-21T01:06:13","date_gmt":"2024-09-20T22:06:13","guid":{"rendered":"https:\/\/kervanmagazacilik.com\/?post_type=product&#038;p=4405"},"modified":"2024-09-21T01:06:13","modified_gmt":"2024-09-20T22:06:13","slug":"611khc000001","status":"publish","type":"product","link":"https:\/\/kervanmagazacilik.com\/index.php\/urun\/611khc000001\/","title":{"rendered":"611KHC000001"},"content":{"rendered":"<p>611KHC000001<\/p>\n<p>BABA KOLTUGU DERI M-7874-A 65x98x94cm 611KHC<\/p>\n<p>KE\u00c7\u0130 DER\u0130S\u0130<\/p>\n","protected":false},"excerpt":{"rendered":"<p>611KHC000001 BABA KOLTUGU DERI M-7874-A 65x98x94cm 611KHC KE\u00c7\u0130 DER\u0130S\u0130<\/p>\n","protected":false},"featured_media":4406,"template":"","meta":[],"product_brand":[],"product_cat":[136],"product_tag":[1075],"class_list":{"0":"post-4405","1":"product","2":"type-product","3":"status-publish","4":"has-post-thumbnail","6":"product_cat-611khc","7":"product_tag-611khc000001","9":"first","10":"instock","11":"taxable","12":"shipping-taxable","13":"product-type-simple"},"_links":{"self":[{"href":"https:\/\/kervanmagazacilik.com\/index.php\/wp-json\/wp\/v2\/product\/4405","targetHints":{"allow":["GET"]}}],"collection":[{"href":"https:\/\/kervanmagazacilik.com\/index.php\/wp-json\/wp\/v2\/product"}],"about":[{"href":"https:\/\/kervanmagazacilik.com\/index.php\/wp-json\/wp\/v2\/types\/product"}],"wp:featuredmedia":[{"embeddable":true,"href":"https:\/\/kervanmagazacilik.com\/index.php\/wp-json\/wp\/v2\/media\/4406"}],"wp:attachment":[{"href":"https:\/\/kervanmagazacilik.com\/index.php\/wp-json\/wp\/v2\/media?parent=4405"}],"wp:term":[{"taxonomy":"product_brand","embeddable":true,"href":"https:\/\/kervanmagazacilik.com\/index.php\/wp-json\/wp\/v2\/product_brand?post=4405"},{"taxonomy":"product_cat","embeddable":true,"href":"https:\/\/kervanmagazacilik.com\/index.php\/wp-json\/wp\/v2\/product_cat?post=4405"},{"taxonomy":"product_tag","embeddable":true,"href":"https:\/\/kervanmagazacilik.com\/index.php\/wp-json\/wp\/v2\/product_tag?post=4405"}],"curies":[{"name":"wp","href":"https:\/\/api.w.org\/{rel}","templated":true}]}}