{"id":4346,"date":"2024-09-21T00:33:40","date_gmt":"2024-09-20T21:33:40","guid":{"rendered":"https:\/\/kervanmagazacilik.com\/?post_type=product&#038;p=4346"},"modified":"2024-09-21T00:33:40","modified_gmt":"2024-09-20T21:33:40","slug":"611gp0000019","status":"publish","type":"product","link":"https:\/\/kervanmagazacilik.com\/index.php\/urun\/611gp0000019\/","title":{"rendered":"611GP0000019"},"content":{"rendered":"<p>611GP0000019<\/p>\n<p>CONCH YEMEK MASASI KAHVERENG\u0130 GR\u0130 MERMER 100x180x76cm DT230042_BND<\/p>\n<p>Mermer Temizli\u011fi : G\u00fcnl\u00fck temizlik i\u00e7in i\u00e7erisinde az miktarda sabun tozu eritilmi\u015f \u0131l\u0131k su ile nemlendirilmi\u015f ve iyice s\u0131k\u0131lm\u0131\u015f bir bez yard\u0131m\u0131yla temizlenip, ard\u0131ndan kuru bez yard\u0131m\u0131yla kurulanmal\u0131d\u0131r. Temizlik esnas\u0131nda temizlik s\u00fcngeri, asitli kimyasallar ve bula\u015f\u0131k deterjan\u0131 kullan\u0131lmamal\u0131d\u0131r.Y\u00fcksek s\u0131cakl\u0131kta \u00fcr\u00fcnler konulmadan \u00f6nce kesinlikle altl\u0131k konulmal\u0131d\u0131r.<br \/>\nAh\u015fap Temizli\u011fi : Hafif nemli bir bez yard\u0131m\u0131yla temizlenip ard\u0131ndan kuru bez yard\u0131m\u0131yla kurutulmal\u0131d\u0131r.<\/p>\n","protected":false},"excerpt":{"rendered":"<p>611GP0000019 CONCH YEMEK MASASI KAHVERENG\u0130 GR\u0130 MERMER 100x180x76cm DT230042_BND Mermer Temizli\u011fi : G\u00fcnl\u00fck temizlik i\u00e7in i\u00e7erisinde az miktarda sabun tozu eritilmi\u015f \u0131l\u0131k su ile nemlendirilmi\u015f ve iyice s\u0131k\u0131lm\u0131\u015f bir bez yard\u0131m\u0131yla temizlenip, ard\u0131ndan kuru bez yard\u0131m\u0131yla kurulanmal\u0131d\u0131r. Temizlik esnas\u0131nda temizlik s\u00fcngeri, asitli kimyasallar ve bula\u015f\u0131k deterjan\u0131 kullan\u0131lmamal\u0131d\u0131r.Y\u00fcksek s\u0131cakl\u0131kta \u00fcr\u00fcnler konulmadan \u00f6nce kesinlikle altl\u0131k konulmal\u0131d\u0131r. Ah\u015fap [&hellip;]<\/p>\n","protected":false},"featured_media":4347,"template":"","meta":[],"product_brand":[],"product_cat":[1049],"product_tag":[1056],"class_list":{"0":"post-4346","1":"product","2":"type-product","3":"status-publish","4":"has-post-thumbnail","6":"product_cat-611gp","7":"product_tag-611gp0000019","9":"first","10":"instock","11":"taxable","12":"shipping-taxable","13":"product-type-simple"},"_links":{"self":[{"href":"https:\/\/kervanmagazacilik.com\/index.php\/wp-json\/wp\/v2\/product\/4346","targetHints":{"allow":["GET"]}}],"collection":[{"href":"https:\/\/kervanmagazacilik.com\/index.php\/wp-json\/wp\/v2\/product"}],"about":[{"href":"https:\/\/kervanmagazacilik.com\/index.php\/wp-json\/wp\/v2\/types\/product"}],"wp:featuredmedia":[{"embeddable":true,"href":"https:\/\/kervanmagazacilik.com\/index.php\/wp-json\/wp\/v2\/media\/4347"}],"wp:attachment":[{"href":"https:\/\/kervanmagazacilik.com\/index.php\/wp-json\/wp\/v2\/media?parent=4346"}],"wp:term":[{"taxonomy":"product_brand","embeddable":true,"href":"https:\/\/kervanmagazacilik.com\/index.php\/wp-json\/wp\/v2\/product_brand?post=4346"},{"taxonomy":"product_cat","embeddable":true,"href":"https:\/\/kervanmagazacilik.com\/index.php\/wp-json\/wp\/v2\/product_cat?post=4346"},{"taxonomy":"product_tag","embeddable":true,"href":"https:\/\/kervanmagazacilik.com\/index.php\/wp-json\/wp\/v2\/product_tag?post=4346"}],"curies":[{"name":"wp","href":"https:\/\/api.w.org\/{rel}","templated":true}]}}