{"id":4236,"date":"2024-09-20T23:48:19","date_gmt":"2024-09-20T20:48:19","guid":{"rendered":"https:\/\/kervanmagazacilik.com\/?post_type=product&#038;p=4236"},"modified":"2024-09-20T23:48:19","modified_gmt":"2024-09-20T20:48:19","slug":"611fjh000001","status":"publish","type":"product","link":"https:\/\/kervanmagazacilik.com\/index.php\/urun\/611fjh000001\/","title":{"rendered":"611FJH000001"},"content":{"rendered":"<p>611FJH000001<\/p>\n<p>YUVARLAK MASA 60x60x71cm JF231554<\/p>\n<p>SERAM\u0130K MOZA\u0130K KAPLAMA<br \/>\nMETAL<\/p>\n<p>A\u015f\u0131nd\u0131r\u0131c\u0131 olmayan nemli bir bez yard\u0131m\u0131yla temizlenmelidir<\/p>\n","protected":false},"excerpt":{"rendered":"<p>611FJH000001 YUVARLAK MASA 60x60x71cm JF231554 SERAM\u0130K MOZA\u0130K KAPLAMA METAL A\u015f\u0131nd\u0131r\u0131c\u0131 olmayan nemli bir bez yard\u0131m\u0131yla temizlenmelidir<\/p>\n","protected":false},"featured_media":4237,"template":"","meta":[],"product_brand":[],"product_cat":[155],"product_tag":[1028],"class_list":{"0":"post-4236","1":"product","2":"type-product","3":"status-publish","4":"has-post-thumbnail","6":"product_cat-611fjh","7":"product_tag-611fjh000001","9":"first","10":"instock","11":"taxable","12":"shipping-taxable","13":"product-type-simple"},"_links":{"self":[{"href":"https:\/\/kervanmagazacilik.com\/index.php\/wp-json\/wp\/v2\/product\/4236","targetHints":{"allow":["GET"]}}],"collection":[{"href":"https:\/\/kervanmagazacilik.com\/index.php\/wp-json\/wp\/v2\/product"}],"about":[{"href":"https:\/\/kervanmagazacilik.com\/index.php\/wp-json\/wp\/v2\/types\/product"}],"wp:featuredmedia":[{"embeddable":true,"href":"https:\/\/kervanmagazacilik.com\/index.php\/wp-json\/wp\/v2\/media\/4237"}],"wp:attachment":[{"href":"https:\/\/kervanmagazacilik.com\/index.php\/wp-json\/wp\/v2\/media?parent=4236"}],"wp:term":[{"taxonomy":"product_brand","embeddable":true,"href":"https:\/\/kervanmagazacilik.com\/index.php\/wp-json\/wp\/v2\/product_brand?post=4236"},{"taxonomy":"product_cat","embeddable":true,"href":"https:\/\/kervanmagazacilik.com\/index.php\/wp-json\/wp\/v2\/product_cat?post=4236"},{"taxonomy":"product_tag","embeddable":true,"href":"https:\/\/kervanmagazacilik.com\/index.php\/wp-json\/wp\/v2\/product_tag?post=4236"}],"curies":[{"name":"wp","href":"https:\/\/api.w.org\/{rel}","templated":true}]}}